{"id":766,"date":"2022-02-27T12:13:33","date_gmt":"2022-02-27T12:13:33","guid":{"rendered":"https:\/\/tinyspeckoflight.com\/?page_id=766"},"modified":"2025-09-22T12:10:24","modified_gmt":"2025-09-22T09:10:24","slug":"science-explains","status":"publish","type":"page","link":"https:\/\/tinyspeckoflight.com\/et\/science-explains\/","title":{"rendered":"Teadus seletab"},"content":{"rendered":"<h2 class=\"has-text-align-center wp-block-heading\">\u2013 Teadus seletab \u2013<\/h2>\n\n\n<ul class=\"wp-block-latest-posts__list is-grid columns-3 wp-block-latest-posts\"><li><div class=\"wp-block-latest-posts__featured-image\"><img loading=\"lazy\" decoding=\"async\" width=\"1024\" height=\"551\" src=\"https:\/\/tinyspeckoflight.com\/wp-content\/uploads\/2025\/09\/pexels-jimmyelizarraras-28212571-scaled-e1757908139501-1024x551.jpg\" class=\"attachment-large size-large wp-post-image\" alt=\"Ego_playing_soul\" style=\"\" srcset=\"https:\/\/tinyspeckoflight.com\/wp-content\/uploads\/2025\/09\/pexels-jimmyelizarraras-28212571-scaled-e1757908139501-1024x551.jpg 1024w, https:\/\/tinyspeckoflight.com\/wp-content\/uploads\/2025\/09\/pexels-jimmyelizarraras-28212571-scaled-e1757908139501-300x161.jpg 300w, https:\/\/tinyspeckoflight.com\/wp-content\/uploads\/2025\/09\/pexels-jimmyelizarraras-28212571-scaled-e1757908139501-768x413.jpg 768w, https:\/\/tinyspeckoflight.com\/wp-content\/uploads\/2025\/09\/pexels-jimmyelizarraras-28212571-scaled-e1757908139501-1536x827.jpg 1536w, https:\/\/tinyspeckoflight.com\/wp-content\/uploads\/2025\/09\/pexels-jimmyelizarraras-28212571-scaled-e1757908139501-2048x1102.jpg 2048w, https:\/\/tinyspeckoflight.com\/wp-content\/uploads\/2025\/09\/pexels-jimmyelizarraras-28212571-scaled-e1757908139501-18x10.jpg 18w\" sizes=\"auto, (max-width: 1024px) 100vw, 1024px\" \/><\/div><a class=\"wp-block-latest-posts__post-title\" href=\"https:\/\/tinyspeckoflight.com\/et\/the-greatest-illusionist-ego-playing-soul\/\">The Greatest Illusionist &#8211; Ego, playing Soul<\/a><div class=\"wp-block-latest-posts__post-excerpt\">the energy of Ego is mimicking the essence of Soul using the positive emotions. All emotions are just a specific type of external energy frequencies that are floating around in this physical world. It uses fear as the base energy to create the emotions of love, joy, happiness and even peace.<\/div><\/li>\n<li><div class=\"wp-block-latest-posts__featured-image\"><img loading=\"lazy\" decoding=\"async\" width=\"1024\" height=\"674\" src=\"https:\/\/tinyspeckoflight.com\/wp-content\/uploads\/2023\/10\/dynamic-wang-vNCBkSX3Nbo-unsplash-scaled-e1698664635263-1024x674.webp\" class=\"attachment-large size-large wp-post-image\" alt=\"Soul_recognition\" style=\"\" srcset=\"https:\/\/tinyspeckoflight.com\/wp-content\/uploads\/2023\/10\/dynamic-wang-vNCBkSX3Nbo-unsplash-scaled-e1698664635263-1024x674.webp 1024w, https:\/\/tinyspeckoflight.com\/wp-content\/uploads\/2023\/10\/dynamic-wang-vNCBkSX3Nbo-unsplash-scaled-e1698664635263-300x197.webp 300w, https:\/\/tinyspeckoflight.com\/wp-content\/uploads\/2023\/10\/dynamic-wang-vNCBkSX3Nbo-unsplash-scaled-e1698664635263-768x505.webp 768w, https:\/\/tinyspeckoflight.com\/wp-content\/uploads\/2023\/10\/dynamic-wang-vNCBkSX3Nbo-unsplash-scaled-e1698664635263-1536x1011.webp 1536w, https:\/\/tinyspeckoflight.com\/wp-content\/uploads\/2023\/10\/dynamic-wang-vNCBkSX3Nbo-unsplash-scaled-e1698664635263-18x12.webp 18w, https:\/\/tinyspeckoflight.com\/wp-content\/uploads\/2023\/10\/dynamic-wang-vNCBkSX3Nbo-unsplash-scaled-e1698664635263.webp 1920w\" sizes=\"auto, (max-width: 1024px) 100vw, 1024px\" \/><\/div><a class=\"wp-block-latest-posts__post-title\" href=\"https:\/\/tinyspeckoflight.com\/et\/quantum-physics-explains-soul-recognition\/\">Twin Flames: Quantum Physics Explains Soul Recognition<\/a><div class=\"wp-block-latest-posts__post-excerpt\">It is very hard for people who have never experienced being a Soul recognition in Twin Flame connection, to understand how it is different from any other romantic relationship that left a strong impression on you. Well, it is hard to understand for even these people who have experienced it. This is because it is\u2026 <a class=\"wp-block-latest-posts__read-more\" href=\"https:\/\/tinyspeckoflight.com\/et\/quantum-physics-explains-soul-recognition\/\" rel=\"noopener noreferrer\">Read more<span class=\"screen-reader-text\">: Twin Flames: Quantum Physics Explains Soul Recognition<\/span><\/a><\/div><\/li>\n<li><div class=\"wp-block-latest-posts__featured-image\"><img loading=\"lazy\" decoding=\"async\" width=\"1024\" height=\"768\" src=\"https:\/\/tinyspeckoflight.com\/wp-content\/uploads\/2021\/12\/zac-durant-_6HzPU9Hyfg-unsplash.jpg\" class=\"attachment-large size-large wp-post-image\" alt=\"Find your path\" style=\"\" srcset=\"https:\/\/tinyspeckoflight.com\/wp-content\/uploads\/2021\/12\/zac-durant-_6HzPU9Hyfg-unsplash.jpg 2500w, https:\/\/tinyspeckoflight.com\/wp-content\/uploads\/2021\/12\/zac-durant-_6HzPU9Hyfg-unsplash-600x400.jpg 600w, https:\/\/tinyspeckoflight.com\/wp-content\/uploads\/2021\/12\/zac-durant-_6HzPU9Hyfg-unsplash-300x200.jpg 300w, https:\/\/tinyspeckoflight.com\/wp-content\/uploads\/2021\/12\/zac-durant-_6HzPU9Hyfg-unsplash-1024x683.jpg 1024w, https:\/\/tinyspeckoflight.com\/wp-content\/uploads\/2021\/12\/zac-durant-_6HzPU9Hyfg-unsplash-768x512.jpg 768w, https:\/\/tinyspeckoflight.com\/wp-content\/uploads\/2021\/12\/zac-durant-_6HzPU9Hyfg-unsplash-1536x1024.jpg 1536w, https:\/\/tinyspeckoflight.com\/wp-content\/uploads\/2021\/12\/zac-durant-_6HzPU9Hyfg-unsplash-2048x1366.jpg 2048w, https:\/\/tinyspeckoflight.com\/wp-content\/uploads\/2021\/12\/zac-durant-_6HzPU9Hyfg-unsplash-18x12.jpg 18w, https:\/\/tinyspeckoflight.com\/wp-content\/uploads\/2021\/12\/zac-durant-_6HzPU9Hyfg-unsplash-272x182.jpg 272w\" sizes=\"auto, (max-width: 1024px) 100vw, 1024px\" \/><\/div><a class=\"wp-block-latest-posts__post-title\" href=\"https:\/\/tinyspeckoflight.com\/et\/how-to-work-with-your-energy\/\">Being Human: How To Work With Your Energy?<\/a><div class=\"wp-block-latest-posts__post-excerpt\"><!-- wp:paragraph -->\n<p>Meditsiinikooli ajal oli \u00fcks asi, mida pidime \u00f5ppima, inimkeha anatoomia. \u00d5ppisime p\u00e4he sadu lihaste, luude, elundite jne ladinakeelseid nimesid koos funktsioonidega, mida need kehas t\u00e4idavad.<\/p>\n<!-- \/wp:paragraph -->\n\n<!-- wp:paragraph -->\n<p>Aga keha energeetilisest \u00fclesehitusest polnud ainsatki s\u00f5na. Olen sellest n\u00fc\u00fcdseks \u00f5ppinud, lugedes palju spirituaalsust, energeetikat ja kvantf\u00fc\u00fcsikat k\u00e4sitlevaid raamatuid.<\/p>\n<!-- \/wp:paragraph -->\n\n\n<!-- wp:paragraph -->\n<p>J\u00e4rgnevalt p\u00fc\u00fcan kirjeldada, mida olen \u00f5ppinud inimkeha energeetilisest \u00fclesehitusest.<\/p>\n<!-- \/wp:paragraph --><\/div><\/li>\n<li><div class=\"wp-block-latest-posts__featured-image\"><img loading=\"lazy\" decoding=\"async\" width=\"1024\" height=\"768\" src=\"https:\/\/tinyspeckoflight.com\/wp-content\/uploads\/2021\/10\/manikandan-annamalai-RvSbLuRqiGw-unsplash-1024x768.jpg\" class=\"attachment-large size-large wp-post-image\" alt=\"the-dark-night-of-the-soul\" style=\"\" srcset=\"https:\/\/tinyspeckoflight.com\/wp-content\/uploads\/2021\/10\/manikandan-annamalai-RvSbLuRqiGw-unsplash-1024x768.jpg 1024w, https:\/\/tinyspeckoflight.com\/wp-content\/uploads\/2021\/10\/manikandan-annamalai-RvSbLuRqiGw-unsplash-scaled-600x450.jpg 600w, https:\/\/tinyspeckoflight.com\/wp-content\/uploads\/2021\/10\/manikandan-annamalai-RvSbLuRqiGw-unsplash-300x225.jpg 300w, https:\/\/tinyspeckoflight.com\/wp-content\/uploads\/2021\/10\/manikandan-annamalai-RvSbLuRqiGw-unsplash-768x576.jpg 768w, https:\/\/tinyspeckoflight.com\/wp-content\/uploads\/2021\/10\/manikandan-annamalai-RvSbLuRqiGw-unsplash-1536x1151.jpg 1536w, https:\/\/tinyspeckoflight.com\/wp-content\/uploads\/2021\/10\/manikandan-annamalai-RvSbLuRqiGw-unsplash-2048x1535.jpg 2048w, https:\/\/tinyspeckoflight.com\/wp-content\/uploads\/2021\/10\/manikandan-annamalai-RvSbLuRqiGw-unsplash-16x12.jpg 16w\" sizes=\"auto, (max-width: 1024px) 100vw, 1024px\" \/><\/div><a class=\"wp-block-latest-posts__post-title\" href=\"https:\/\/tinyspeckoflight.com\/et\/the-dark-night-of-the-soul-how-to-get-out\/\">Ego Surm: Miks see tekib? Kuidas sellest v\u00e4lja saada?<\/a><div class=\"wp-block-latest-posts__post-excerpt\">Iga\u00fchel meist on elus esinenud madalseise, kuid m\u00f5ni neist j\u00e4\u00e4b eriti teravalt meelde. Need on tavaliselt need, mis algavad v\u00e4ga ootamatult ja toovad endaga kaasa suurimad muutused meie elus. M\u00f5nikord v\u00f5ib see olla nii suur muutus eluoludes, et see muudab meie isiksust ja \u00fcldist elusuunda. Need perioodid tunduvad p\u00f5rguna ja sel hetkel tundub nagu v\u00e4ljap\u00e4\u00e4su poleks.<\/div><\/li>\n<li><div class=\"wp-block-latest-posts__featured-image\"><img loading=\"lazy\" decoding=\"async\" width=\"1003\" height=\"1024\" src=\"https:\/\/tinyspeckoflight.com\/wp-content\/uploads\/2021\/08\/cdc-aQOe0Ri267U-unsplash-1003x1024.jpg\" class=\"attachment-large size-large wp-post-image\" alt=\"bacteria\" style=\"\" srcset=\"https:\/\/tinyspeckoflight.com\/wp-content\/uploads\/2021\/08\/cdc-aQOe0Ri267U-unsplash-1003x1024.jpg 1003w, https:\/\/tinyspeckoflight.com\/wp-content\/uploads\/2021\/08\/cdc-aQOe0Ri267U-unsplash-scaled-600x612.jpg 600w, https:\/\/tinyspeckoflight.com\/wp-content\/uploads\/2021\/08\/cdc-aQOe0Ri267U-unsplash-294x300.jpg 294w, https:\/\/tinyspeckoflight.com\/wp-content\/uploads\/2021\/08\/cdc-aQOe0Ri267U-unsplash-768x784.jpg 768w, https:\/\/tinyspeckoflight.com\/wp-content\/uploads\/2021\/08\/cdc-aQOe0Ri267U-unsplash-1505x1536.jpg 1505w, https:\/\/tinyspeckoflight.com\/wp-content\/uploads\/2021\/08\/cdc-aQOe0Ri267U-unsplash-2007x2048.jpg 2007w, https:\/\/tinyspeckoflight.com\/wp-content\/uploads\/2021\/08\/cdc-aQOe0Ri267U-unsplash-12x12.jpg 12w\" sizes=\"auto, (max-width: 1003px) 100vw, 1003px\" \/><\/div><a class=\"wp-block-latest-posts__post-title\" href=\"https:\/\/tinyspeckoflight.com\/et\/a-new-angle-health-energy-and-sickness\/\">Uus viis l\u00e4heneda tervisele, energiale ja haigusele<\/a><div class=\"wp-block-latest-posts__post-excerpt\">Hetkel on eriti oluline m\u00f5ista, kuidas oma tervist hoida. Vean kihla, et enamik inimesi pole tegelikult haigestumise mehaanikast aru saanud. Ja enamiku inimeste all m\u00f5tlen ka tervishoiut\u00f6\u00f6tajaid.\n\nOlen ka l\u00f5petanud meditsiinikooli ja need teemad, milles siin kirjutan, ei olnud osa mu \u00f5ppekavast.<\/div><\/li>\n<\/ul>","protected":false},"excerpt":{"rendered":"<p>\u2013 Teadus seletab \u2013<\/p>","protected":false},"author":1,"featured_media":0,"parent":0,"menu_order":0,"comment_status":"closed","ping_status":"closed","template":"","meta":{"site-sidebar-layout":"default","site-content-layout":"","ast-site-content-layout":"default","site-content-style":"default","site-sidebar-style":"default","ast-global-header-display":"","ast-banner-title-visibility":"","ast-main-header-display":"","ast-hfb-above-header-display":"","ast-hfb-below-header-display":"","ast-hfb-mobile-header-display":"","site-post-title":"disabled","ast-breadcrumbs-content":"","ast-featured-img":"","footer-sml-layout":"","ast-disable-related-posts":"","theme-transparent-header-meta":"","adv-header-id-meta":"","stick-header-meta":"","header-above-stick-meta":"","header-main-stick-meta":"","header-below-stick-meta":"","astra-migrate-meta-layouts":"set","ast-page-background-enabled":"default","ast-page-background-meta":{"desktop":{"background-color":"var(--ast-global-color-4)","background-image":"","background-repeat":"repeat","background-position":"center center","background-size":"auto","background-attachment":"scroll","background-type":"","background-media":"","overlay-type":"","overlay-color":"","overlay-opacity":"","overlay-gradient":""},"tablet":{"background-color":"","background-image":"","background-repeat":"repeat","background-position":"center center","background-size":"auto","background-attachment":"scroll","background-type":"","background-media":"","overlay-type":"","overlay-color":"","overlay-opacity":"","overlay-gradient":""},"mobile":{"background-color":"","background-image":"","background-repeat":"repeat","background-position":"center center","background-size":"auto","background-attachment":"scroll","background-type":"","background-media":"","overlay-type":"","overlay-color":"","overlay-opacity":"","overlay-gradient":""}},"ast-content-background-meta":{"desktop":{"background-color":"var(--ast-global-color-5)","background-image":"","background-repeat":"repeat","background-position":"center center","background-size":"auto","background-attachment":"scroll","background-type":"","background-media":"","overlay-type":"","overlay-color":"","overlay-opacity":"","overlay-gradient":""},"tablet":{"background-color":"var(--ast-global-color-5)","background-image":"","background-repeat":"repeat","background-position":"center center","background-size":"auto","background-attachment":"scroll","background-type":"","background-media":"","overlay-type":"","overlay-color":"","overlay-opacity":"","overlay-gradient":""},"mobile":{"background-color":"var(--ast-global-color-5)","background-image":"","background-repeat":"repeat","background-position":"center center","background-size":"auto","background-attachment":"scroll","background-type":"","background-media":"","overlay-type":"","overlay-color":"","overlay-opacity":"","overlay-gradient":""}},"footnotes":""},"class_list":["post-766","page","type-page","status-publish","hentry"],"jetpack_sharing_enabled":true,"_links":{"self":[{"href":"https:\/\/tinyspeckoflight.com\/et\/wp-json\/wp\/v2\/pages\/766","targetHints":{"allow":["GET"]}}],"collection":[{"href":"https:\/\/tinyspeckoflight.com\/et\/wp-json\/wp\/v2\/pages"}],"about":[{"href":"https:\/\/tinyspeckoflight.com\/et\/wp-json\/wp\/v2\/types\/page"}],"author":[{"embeddable":true,"href":"https:\/\/tinyspeckoflight.com\/et\/wp-json\/wp\/v2\/users\/1"}],"replies":[{"embeddable":true,"href":"https:\/\/tinyspeckoflight.com\/et\/wp-json\/wp\/v2\/comments?post=766"}],"version-history":[{"count":5,"href":"https:\/\/tinyspeckoflight.com\/et\/wp-json\/wp\/v2\/pages\/766\/revisions"}],"predecessor-version":[{"id":2053,"href":"https:\/\/tinyspeckoflight.com\/et\/wp-json\/wp\/v2\/pages\/766\/revisions\/2053"}],"wp:attachment":[{"href":"https:\/\/tinyspeckoflight.com\/et\/wp-json\/wp\/v2\/media?parent=766"}],"curies":[{"name":"wp","href":"https:\/\/api.w.org\/{rel}","templated":true}]}}