{"id":759,"date":"2022-02-27T12:02:16","date_gmt":"2022-02-27T12:02:16","guid":{"rendered":"https:\/\/tinyspeckoflight.com\/?page_id=759"},"modified":"2025-09-22T05:33:09","modified_gmt":"2025-09-22T02:33:09","slug":"ascension","status":"publish","type":"page","link":"https:\/\/tinyspeckoflight.com\/et\/ascension\/","title":{"rendered":"\u00dclest\u00f5us"},"content":{"rendered":"<h2 class=\"has-text-align-center wp-block-heading\">\u2013 \u00dclest\u00f5us \u2013<\/h2>\n\n\n<ul class=\"wp-block-latest-posts__list is-grid columns-2 wp-block-latest-posts\"><li><div class=\"wp-block-latest-posts__featured-image\"><img loading=\"lazy\" decoding=\"async\" width=\"1024\" height=\"682\" src=\"https:\/\/tinyspeckoflight.com\/wp-content\/uploads\/2025\/10\/pexels-nietjuhart-810036-1024x682.jpg\" class=\"attachment-large size-large wp-post-image\" alt=\"True_love\" style=\"\" srcset=\"https:\/\/tinyspeckoflight.com\/wp-content\/uploads\/2025\/10\/pexels-nietjuhart-810036-1024x682.jpg 1024w, https:\/\/tinyspeckoflight.com\/wp-content\/uploads\/2025\/10\/pexels-nietjuhart-810036-300x200.jpg 300w, https:\/\/tinyspeckoflight.com\/wp-content\/uploads\/2025\/10\/pexels-nietjuhart-810036-768x511.jpg 768w, https:\/\/tinyspeckoflight.com\/wp-content\/uploads\/2025\/10\/pexels-nietjuhart-810036-18x12.jpg 18w, https:\/\/tinyspeckoflight.com\/wp-content\/uploads\/2025\/10\/pexels-nietjuhart-810036-272x182.jpg 272w, https:\/\/tinyspeckoflight.com\/wp-content\/uploads\/2025\/10\/pexels-nietjuhart-810036.jpg 1280w\" sizes=\"auto, (max-width: 1024px) 100vw, 1024px\" \/><\/div><a class=\"wp-block-latest-posts__post-title\" href=\"https:\/\/tinyspeckoflight.com\/et\/true-love-unconditional-love\/\">What is True Love? Understanding Unconditional Love<\/a><div class=\"wp-block-latest-posts__post-excerpt\">True love is something everyone seems to be looking for. To prove how extreme that need is &#8211; there was an interesting news snippet I happened to hear years ago at the time of the war in Afghanistan. A group of psychics went to the refugee camp hoping to help people to find out information\u2026 <a class=\"wp-block-latest-posts__read-more\" href=\"https:\/\/tinyspeckoflight.com\/et\/true-love-unconditional-love\/\" rel=\"noopener noreferrer\">Read more<span class=\"screen-reader-text\">: What is True Love? Understanding Unconditional Love<\/span><\/a><\/div><\/li>\n<li><div class=\"wp-block-latest-posts__featured-image\"><img loading=\"lazy\" decoding=\"async\" width=\"1024\" height=\"683\" src=\"https:\/\/tinyspeckoflight.com\/wp-content\/uploads\/2025\/09\/pexels-jeremy-bishop-1260133-2397414-1024x683.jpg\" class=\"attachment-large size-large wp-post-image\" alt=\"Hermit\" style=\"\" srcset=\"https:\/\/tinyspeckoflight.com\/wp-content\/uploads\/2025\/09\/pexels-jeremy-bishop-1260133-2397414-1024x683.jpg 1024w, https:\/\/tinyspeckoflight.com\/wp-content\/uploads\/2025\/09\/pexels-jeremy-bishop-1260133-2397414-scaled-e1758460812689.jpg 300w, https:\/\/tinyspeckoflight.com\/wp-content\/uploads\/2025\/09\/pexels-jeremy-bishop-1260133-2397414-768x512.jpg 768w, https:\/\/tinyspeckoflight.com\/wp-content\/uploads\/2025\/09\/pexels-jeremy-bishop-1260133-2397414-1536x1024.jpg 1536w, https:\/\/tinyspeckoflight.com\/wp-content\/uploads\/2025\/09\/pexels-jeremy-bishop-1260133-2397414-2048x1365.jpg 2048w, https:\/\/tinyspeckoflight.com\/wp-content\/uploads\/2025\/09\/pexels-jeremy-bishop-1260133-2397414-18x12.jpg 18w, https:\/\/tinyspeckoflight.com\/wp-content\/uploads\/2025\/09\/pexels-jeremy-bishop-1260133-2397414-272x182.jpg 272w\" sizes=\"auto, (max-width: 1024px) 100vw, 1024px\" \/><\/div><a class=\"wp-block-latest-posts__post-title\" href=\"https:\/\/tinyspeckoflight.com\/et\/ascension-becoming-a-hermit\/\">Ascension: Becoming a Hermit<\/a><div class=\"wp-block-latest-posts__post-excerpt\">The Hermit mode is a time during the ascension when we feel abandoned and forced into isolation. We get cut off from our family, friends, break up with our partner, and don\u2019t feel connected to our coworkers anymore. <\/div><\/li>\n<li><div class=\"wp-block-latest-posts__featured-image\"><img loading=\"lazy\" decoding=\"async\" width=\"1024\" height=\"551\" src=\"https:\/\/tinyspeckoflight.com\/wp-content\/uploads\/2025\/09\/pexels-jimmyelizarraras-28212571-scaled-e1757908139501-1024x551.jpg\" class=\"attachment-large size-large wp-post-image\" alt=\"Ego_playing_soul\" style=\"\" srcset=\"https:\/\/tinyspeckoflight.com\/wp-content\/uploads\/2025\/09\/pexels-jimmyelizarraras-28212571-scaled-e1757908139501-1024x551.jpg 1024w, https:\/\/tinyspeckoflight.com\/wp-content\/uploads\/2025\/09\/pexels-jimmyelizarraras-28212571-scaled-e1757908139501-300x161.jpg 300w, https:\/\/tinyspeckoflight.com\/wp-content\/uploads\/2025\/09\/pexels-jimmyelizarraras-28212571-scaled-e1757908139501-768x413.jpg 768w, https:\/\/tinyspeckoflight.com\/wp-content\/uploads\/2025\/09\/pexels-jimmyelizarraras-28212571-scaled-e1757908139501-1536x827.jpg 1536w, https:\/\/tinyspeckoflight.com\/wp-content\/uploads\/2025\/09\/pexels-jimmyelizarraras-28212571-scaled-e1757908139501-2048x1102.jpg 2048w, https:\/\/tinyspeckoflight.com\/wp-content\/uploads\/2025\/09\/pexels-jimmyelizarraras-28212571-scaled-e1757908139501-18x10.jpg 18w\" sizes=\"auto, (max-width: 1024px) 100vw, 1024px\" \/><\/div><a class=\"wp-block-latest-posts__post-title\" href=\"https:\/\/tinyspeckoflight.com\/et\/the-greatest-illusionist-ego-playing-soul\/\">The Greatest Illusionist &#8211; Ego, playing Soul<\/a><div class=\"wp-block-latest-posts__post-excerpt\">the energy of Ego is mimicking the essence of Soul using the positive emotions. All emotions are just a specific type of external energy frequencies that are floating around in this physical world. It uses fear as the base energy to create the emotions of love, joy, happiness and even peace.<\/div><\/li>\n<li><div class=\"wp-block-latest-posts__featured-image\"><img loading=\"lazy\" decoding=\"async\" width=\"1024\" height=\"678\" src=\"https:\/\/tinyspeckoflight.com\/wp-content\/uploads\/2023\/09\/aaron-blanco-tejedor-QUGWB1kqjQI-unsplash-1024x678.jpg\" class=\"attachment-large size-large wp-post-image\" alt=\"heal-to-enlighten\" style=\"\" srcset=\"https:\/\/tinyspeckoflight.com\/wp-content\/uploads\/2023\/09\/aaron-blanco-tejedor-QUGWB1kqjQI-unsplash-1024x678.jpg 1024w, https:\/\/tinyspeckoflight.com\/wp-content\/uploads\/2023\/09\/aaron-blanco-tejedor-QUGWB1kqjQI-unsplash-768x509.jpg 768w, https:\/\/tinyspeckoflight.com\/wp-content\/uploads\/2023\/09\/aaron-blanco-tejedor-QUGWB1kqjQI-unsplash-1536x1018.jpg 1536w, https:\/\/tinyspeckoflight.com\/wp-content\/uploads\/2023\/09\/aaron-blanco-tejedor-QUGWB1kqjQI-unsplash-e1694513299542-18x12.webp 18w\" sizes=\"auto, (max-width: 1024px) 100vw, 1024px\" \/><\/div><a class=\"wp-block-latest-posts__post-title\" href=\"https:\/\/tinyspeckoflight.com\/et\/heal-to-enlighten\/\">How to Heal Yourself into Enlightenment?<\/a><div class=\"wp-block-latest-posts__post-excerpt\">All the people who have ascended tell you that you do not need healing for ascension. But then you do have your Ego\/Mind that is telling you to try a million things to \u201cfix this\u201d situation that you are in. And you are actually in the process of dismantling the Ego\/Mind. So, of course your Ego\/Mind will try to control this situation to stop you on your tracks.\n\n\nSaying that, healing is not bad. But it must be kept in mind that healing IS NOT ASCENSION. Ascension really does not require any healing but in order to get to the process of ascending, you must wear your Ego\/Mind down. <\/div><\/li>\n<li><div class=\"wp-block-latest-posts__featured-image\"><img loading=\"lazy\" decoding=\"async\" width=\"1024\" height=\"768\" src=\"https:\/\/tinyspeckoflight.com\/wp-content\/uploads\/2022\/04\/freedom-1314475-1024x768.jpg\" class=\"attachment-large size-large wp-post-image\" alt=\"End of suffering\" style=\"\" srcset=\"https:\/\/tinyspeckoflight.com\/wp-content\/uploads\/2022\/04\/freedom-1314475-1024x768.jpg 1024w, https:\/\/tinyspeckoflight.com\/wp-content\/uploads\/2022\/04\/freedom-1314475-600x450.jpg 600w, https:\/\/tinyspeckoflight.com\/wp-content\/uploads\/2022\/04\/freedom-1314475-768x576.jpg 768w\" sizes=\"auto, (max-width: 1024px) 100vw, 1024px\" \/><\/div><a class=\"wp-block-latest-posts__post-title\" href=\"https:\/\/tinyspeckoflight.com\/et\/being-human-how-to-end-suffering-for-good\/\">Inimeseks olemine: Kuidas l\u00f5petada kannatamine j\u00e4\u00e4davalt?<\/a><div class=\"wp-block-latest-posts__post-excerpt\"><!-- wp:paragraph -->\n<p>Enamik elus tehtud otsuseid on ajendatud meie soovist v\u00e4hendada kannatusi oma elus. Et elu oleks mugavam, nauditavam, rahulikum ja rahuldust pakkuvam. Kuidagi on see parem elu alati tulevikus ja mitte siin. Seda seet\u00f5ttu, et me oskame ise endale m\u00e4rkamatult kannatusi tekitada.<\/p>\n<!-- \/wp:paragraph -->\n\n<!-- wp:paragraph -->\n<p>Igal inimesel, kes siia maailma s\u00fcnnib, on valukeha, nagu Eckhart Tolle seda nimetab. Suure osa sellest moodustavad elu jooksul kogetud negatiivsed kogemused.<\/p>\n<!-- \/wp:paragraph --><\/div><\/li>\n<\/ul>","protected":false},"excerpt":{"rendered":"<p>\u2013 \u00dclest\u00f5us \u2013<\/p>","protected":false},"author":1,"featured_media":0,"parent":0,"menu_order":0,"comment_status":"closed","ping_status":"closed","template":"","meta":{"site-sidebar-layout":"default","site-content-layout":"","ast-site-content-layout":"default","site-content-style":"default","site-sidebar-style":"default","ast-global-header-display":"","ast-banner-title-visibility":"","ast-main-header-display":"","ast-hfb-above-header-display":"","ast-hfb-below-header-display":"","ast-hfb-mobile-header-display":"","site-post-title":"disabled","ast-breadcrumbs-content":"","ast-featured-img":"","footer-sml-layout":"","ast-disable-related-posts":"","theme-transparent-header-meta":"","adv-header-id-meta":"","stick-header-meta":"","header-above-stick-meta":"","header-main-stick-meta":"","header-below-stick-meta":"","astra-migrate-meta-layouts":"set","ast-page-background-enabled":"default","ast-page-background-meta":{"desktop":{"background-color":"var(--ast-global-color-4)","background-image":"","background-repeat":"repeat","background-position":"center center","background-size":"auto","background-attachment":"scroll","background-type":"","background-media":"","overlay-type":"","overlay-color":"","overlay-opacity":"","overlay-gradient":""},"tablet":{"background-color":"","background-image":"","background-repeat":"repeat","background-position":"center center","background-size":"auto","background-attachment":"scroll","background-type":"","background-media":"","overlay-type":"","overlay-color":"","overlay-opacity":"","overlay-gradient":""},"mobile":{"background-color":"","background-image":"","background-repeat":"repeat","background-position":"center center","background-size":"auto","background-attachment":"scroll","background-type":"","background-media":"","overlay-type":"","overlay-color":"","overlay-opacity":"","overlay-gradient":""}},"ast-content-background-meta":{"desktop":{"background-color":"var(--ast-global-color-5)","background-image":"","background-repeat":"repeat","background-position":"center center","background-size":"auto","background-attachment":"scroll","background-type":"","background-media":"","overlay-type":"","overlay-color":"","overlay-opacity":"","overlay-gradient":""},"tablet":{"background-color":"var(--ast-global-color-5)","background-image":"","background-repeat":"repeat","background-position":"center center","background-size":"auto","background-attachment":"scroll","background-type":"","background-media":"","overlay-type":"","overlay-color":"","overlay-opacity":"","overlay-gradient":""},"mobile":{"background-color":"var(--ast-global-color-5)","background-image":"","background-repeat":"repeat","background-position":"center center","background-size":"auto","background-attachment":"scroll","background-type":"","background-media":"","overlay-type":"","overlay-color":"","overlay-opacity":"","overlay-gradient":""}},"footnotes":""},"class_list":["post-759","page","type-page","status-publish","hentry"],"jetpack_sharing_enabled":true,"_links":{"self":[{"href":"https:\/\/tinyspeckoflight.com\/et\/wp-json\/wp\/v2\/pages\/759","targetHints":{"allow":["GET"]}}],"collection":[{"href":"https:\/\/tinyspeckoflight.com\/et\/wp-json\/wp\/v2\/pages"}],"about":[{"href":"https:\/\/tinyspeckoflight.com\/et\/wp-json\/wp\/v2\/types\/page"}],"author":[{"embeddable":true,"href":"https:\/\/tinyspeckoflight.com\/et\/wp-json\/wp\/v2\/users\/1"}],"replies":[{"embeddable":true,"href":"https:\/\/tinyspeckoflight.com\/et\/wp-json\/wp\/v2\/comments?post=759"}],"version-history":[{"count":4,"href":"https:\/\/tinyspeckoflight.com\/et\/wp-json\/wp\/v2\/pages\/759\/revisions"}],"predecessor-version":[{"id":2041,"href":"https:\/\/tinyspeckoflight.com\/et\/wp-json\/wp\/v2\/pages\/759\/revisions\/2041"}],"wp:attachment":[{"href":"https:\/\/tinyspeckoflight.com\/et\/wp-json\/wp\/v2\/media?parent=759"}],"curies":[{"name":"wp","href":"https:\/\/api.w.org\/{rel}","templated":true}]}}