{"id":753,"date":"2022-02-27T11:54:07","date_gmt":"2022-02-27T11:54:07","guid":{"rendered":"https:\/\/tinyspeckoflight.com\/?page_id=753"},"modified":"2025-09-22T12:09:45","modified_gmt":"2025-09-22T09:09:45","slug":"manifestation","status":"publish","type":"page","link":"https:\/\/tinyspeckoflight.com\/et\/manifestation\/","title":{"rendered":"Manifesteerimine"},"content":{"rendered":"<h2 class=\"has-text-align-center wp-block-heading\">\u2013 Manifesteerimine \u2013<\/h2>\n\n\n<ul class=\"wp-block-latest-posts__list is-grid columns-2 wp-block-latest-posts\"><li><div class=\"wp-block-latest-posts__featured-image\"><img loading=\"lazy\" decoding=\"async\" width=\"1024\" height=\"768\" src=\"https:\/\/tinyspeckoflight.com\/wp-content\/uploads\/2021\/11\/etienne-girardet-ktUX4KHlU8-unsplash-1024x768.jpg\" class=\"attachment-large size-large wp-post-image\" alt=\"find your talent\" style=\"\" srcset=\"https:\/\/tinyspeckoflight.com\/wp-content\/uploads\/2021\/11\/etienne-girardet-ktUX4KHlU8-unsplash-1024x768.jpg 1024w, https:\/\/tinyspeckoflight.com\/wp-content\/uploads\/2021\/11\/etienne-girardet-ktUX4KHlU8-unsplash-scaled-e1651649975574.jpg 600w, https:\/\/tinyspeckoflight.com\/wp-content\/uploads\/2021\/11\/etienne-girardet-ktUX4KHlU8-unsplash-300x225.jpg 300w, https:\/\/tinyspeckoflight.com\/wp-content\/uploads\/2021\/11\/etienne-girardet-ktUX4KHlU8-unsplash-768x576.jpg 768w, https:\/\/tinyspeckoflight.com\/wp-content\/uploads\/2021\/11\/etienne-girardet-ktUX4KHlU8-unsplash-1536x1152.jpg 1536w, https:\/\/tinyspeckoflight.com\/wp-content\/uploads\/2021\/11\/etienne-girardet-ktUX4KHlU8-unsplash-2048x1536.jpg 2048w, https:\/\/tinyspeckoflight.com\/wp-content\/uploads\/2021\/11\/etienne-girardet-ktUX4KHlU8-unsplash-16x12.jpg 16w\" sizes=\"auto, (max-width: 1024px) 100vw, 1024px\" \/><\/div><a class=\"wp-block-latest-posts__post-title\" href=\"https:\/\/tinyspeckoflight.com\/et\/how-to-find-your-talent\/\">Kuidas leida enda anne: lae oma elu maksimumprogramm universumist alla<\/a><div class=\"wp-block-latest-posts__post-excerpt\">Selles postituses vaatame, kuidas anal\u00fc\u00fcsides oma perekonda, elu ja kirgi saab enda talenti kindlaks m\u00e4\u00e4rata.<\/div><\/li>\n<li><div class=\"wp-block-latest-posts__featured-image\"><img loading=\"lazy\" decoding=\"async\" width=\"1024\" height=\"683\" src=\"https:\/\/tinyspeckoflight.com\/wp-content\/uploads\/2021\/08\/ravi-pinisetti-1zikZJVXSfA-unsplash-1024x683.jpg\" class=\"attachment-large size-large wp-post-image\" alt=\"hope\" style=\"\" srcset=\"https:\/\/tinyspeckoflight.com\/wp-content\/uploads\/2021\/08\/ravi-pinisetti-1zikZJVXSfA-unsplash-1024x683.jpg 1024w, https:\/\/tinyspeckoflight.com\/wp-content\/uploads\/2021\/08\/ravi-pinisetti-1zikZJVXSfA-unsplash-scaled-600x400.jpg 600w, https:\/\/tinyspeckoflight.com\/wp-content\/uploads\/2021\/08\/ravi-pinisetti-1zikZJVXSfA-unsplash-300x200.jpg 300w, https:\/\/tinyspeckoflight.com\/wp-content\/uploads\/2021\/08\/ravi-pinisetti-1zikZJVXSfA-unsplash-768x512.jpg 768w, https:\/\/tinyspeckoflight.com\/wp-content\/uploads\/2021\/08\/ravi-pinisetti-1zikZJVXSfA-unsplash-1536x1024.jpg 1536w, https:\/\/tinyspeckoflight.com\/wp-content\/uploads\/2021\/08\/ravi-pinisetti-1zikZJVXSfA-unsplash-2048x1365.jpg 2048w, https:\/\/tinyspeckoflight.com\/wp-content\/uploads\/2021\/08\/ravi-pinisetti-1zikZJVXSfA-unsplash-272x182.jpg 272w\" sizes=\"auto, (max-width: 1024px) 100vw, 1024px\" \/><\/div><a class=\"wp-block-latest-posts__post-title\" href=\"https:\/\/tinyspeckoflight.com\/et\/manifestation-5-step-program-and-main-traps\/\">Manifesteerimine: 5 peamist sammu ja viga<\/a><div class=\"wp-block-latest-posts__post-excerpt\">Selles postituses k\u00e4sitleme manifesteerimise aluseid ja peamisi vigu, mida inimesed teevad. Samuti - k\u00e4ime \u00fcle m\u00f5ned olulised punktid, millega tuleb arvestada, mida manifesteerimisest r\u00e4\u00e4kides sageli ei mainita.<\/div><\/li>\n<li><div class=\"wp-block-latest-posts__featured-image\"><img loading=\"lazy\" decoding=\"async\" width=\"1024\" height=\"456\" src=\"https:\/\/tinyspeckoflight.com\/wp-content\/uploads\/2020\/09\/particles-1435354_1920-1024x456.jpg\" class=\"attachment-large size-large wp-post-image\" alt=\"Manifestation and quantum physics\" style=\"\" srcset=\"https:\/\/tinyspeckoflight.com\/wp-content\/uploads\/2020\/09\/particles-1435354_1920-1024x456.jpg 1024w, https:\/\/tinyspeckoflight.com\/wp-content\/uploads\/2020\/09\/particles-1435354_1920-600x267.jpg 600w, https:\/\/tinyspeckoflight.com\/wp-content\/uploads\/2020\/09\/particles-1435354_1920-300x134.jpg 300w, https:\/\/tinyspeckoflight.com\/wp-content\/uploads\/2020\/09\/particles-1435354_1920-768x342.jpg 768w, https:\/\/tinyspeckoflight.com\/wp-content\/uploads\/2020\/09\/particles-1435354_1920-1536x684.jpg 1536w, https:\/\/tinyspeckoflight.com\/wp-content\/uploads\/2020\/09\/particles-1435354_1920.jpg 1920w\" sizes=\"auto, (max-width: 1024px) 100vw, 1024px\" \/><\/div><a class=\"wp-block-latest-posts__post-title\" href=\"https:\/\/tinyspeckoflight.com\/et\/how-quantum-physics-explains-manifestation\/\">Kuidas selgitab kvantf\u00fc\u00fcsika manifesteerimist ja k\u00fclget\u00f5mbeseadust?<\/a><div class=\"wp-block-latest-posts__post-excerpt\">Kvantf\u00fc\u00fcsika on uus teadusharu universumi toimimise selgitamiseks. See v\u00f5imaldab teaduslikult selgitada, kuidas energia m\u00f5jutab f\u00fc\u00fcsilist maailma. Ja ka seda kuidas manifesteerimine tegelikult toimub.<\/div><\/li>\n<\/ul>","protected":false},"excerpt":{"rendered":"<p>\u2013 Manifesteerimine \u2013<\/p>","protected":false},"author":1,"featured_media":0,"parent":0,"menu_order":0,"comment_status":"closed","ping_status":"closed","template":"","meta":{"site-sidebar-layout":"default","site-content-layout":"","ast-site-content-layout":"default","site-content-style":"default","site-sidebar-style":"default","ast-global-header-display":"","ast-banner-title-visibility":"","ast-main-header-display":"","ast-hfb-above-header-display":"","ast-hfb-below-header-display":"","ast-hfb-mobile-header-display":"","site-post-title":"disabled","ast-breadcrumbs-content":"","ast-featured-img":"","footer-sml-layout":"","ast-disable-related-posts":"","theme-transparent-header-meta":"","adv-header-id-meta":"","stick-header-meta":"","header-above-stick-meta":"","header-main-stick-meta":"","header-below-stick-meta":"","astra-migrate-meta-layouts":"set","ast-page-background-enabled":"default","ast-page-background-meta":{"desktop":{"background-color":"var(--ast-global-color-4)","background-image":"","background-repeat":"repeat","background-position":"center center","background-size":"auto","background-attachment":"scroll","background-type":"","background-media":"","overlay-type":"","overlay-color":"","overlay-opacity":"","overlay-gradient":""},"tablet":{"background-color":"","background-image":"","background-repeat":"repeat","background-position":"center center","background-size":"auto","background-attachment":"scroll","background-type":"","background-media":"","overlay-type":"","overlay-color":"","overlay-opacity":"","overlay-gradient":""},"mobile":{"background-color":"","background-image":"","background-repeat":"repeat","background-position":"center center","background-size":"auto","background-attachment":"scroll","background-type":"","background-media":"","overlay-type":"","overlay-color":"","overlay-opacity":"","overlay-gradient":""}},"ast-content-background-meta":{"desktop":{"background-color":"var(--ast-global-color-5)","background-image":"","background-repeat":"repeat","background-position":"center center","background-size":"auto","background-attachment":"scroll","background-type":"","background-media":"","overlay-type":"","overlay-color":"","overlay-opacity":"","overlay-gradient":""},"tablet":{"background-color":"var(--ast-global-color-5)","background-image":"","background-repeat":"repeat","background-position":"center center","background-size":"auto","background-attachment":"scroll","background-type":"","background-media":"","overlay-type":"","overlay-color":"","overlay-opacity":"","overlay-gradient":""},"mobile":{"background-color":"var(--ast-global-color-5)","background-image":"","background-repeat":"repeat","background-position":"center center","background-size":"auto","background-attachment":"scroll","background-type":"","background-media":"","overlay-type":"","overlay-color":"","overlay-opacity":"","overlay-gradient":""}},"footnotes":""},"class_list":["post-753","page","type-page","status-publish","hentry"],"jetpack_sharing_enabled":true,"_links":{"self":[{"href":"https:\/\/tinyspeckoflight.com\/et\/wp-json\/wp\/v2\/pages\/753","targetHints":{"allow":["GET"]}}],"collection":[{"href":"https:\/\/tinyspeckoflight.com\/et\/wp-json\/wp\/v2\/pages"}],"about":[{"href":"https:\/\/tinyspeckoflight.com\/et\/wp-json\/wp\/v2\/types\/page"}],"author":[{"embeddable":true,"href":"https:\/\/tinyspeckoflight.com\/et\/wp-json\/wp\/v2\/users\/1"}],"replies":[{"embeddable":true,"href":"https:\/\/tinyspeckoflight.com\/et\/wp-json\/wp\/v2\/comments?post=753"}],"version-history":[{"count":3,"href":"https:\/\/tinyspeckoflight.com\/et\/wp-json\/wp\/v2\/pages\/753\/revisions"}],"predecessor-version":[{"id":2052,"href":"https:\/\/tinyspeckoflight.com\/et\/wp-json\/wp\/v2\/pages\/753\/revisions\/2052"}],"wp:attachment":[{"href":"https:\/\/tinyspeckoflight.com\/et\/wp-json\/wp\/v2\/media?parent=753"}],"curies":[{"name":"wp","href":"https:\/\/api.w.org\/{rel}","templated":true}]}}