{"id":741,"date":"2025-09-29T10:04:33","date_gmt":"2025-09-29T07:04:33","guid":{"rendered":"https:\/\/tinyspeckoflight.com\/?page_id=741"},"modified":"2025-10-18T05:00:21","modified_gmt":"2025-10-18T02:00:21","slug":"twin-flames","status":"publish","type":"page","link":"https:\/\/tinyspeckoflight.com\/et\/ascension\/twin-flames\/","title":{"rendered":"Twin Flames"},"content":{"rendered":"<h2 class=\"wp-block-heading has-text-align-center\">\u2013 Twin Flames \u2013<\/h2>\n\n\n\n<p>This page is dedicated to content I write about Twin Flames or any posts\/answers that might help you if you are experiencing ascension process triggered by Soul recognition with your Twin Flame.<\/p>\n\n\n\n<p><\/p>\n\n\n\n<p>Meeting your Twin Flame can be most wonderful experience in the beginning, that then will become your trigger to speed-track to enlightenment. <a href=\"https:\/\/tinyspeckoflight.com\/et\/ascension\/\">\u00dclest\u00f5us <\/a>happens over many lifetimes as a natural process, but some Souls choose to have it way faster and Twin Flame as a trigger is the quickest way to shift from duality to singularity. This is also why I read and write about quantum physics &#8211; it is the only scientific approach that can explain what is happening to us when we meet our other incarnation in this life.<\/p>\n\n\n\n<p><\/p>\n\n\n\n<p>The hardest thing about this journey is that there are very few people who understand what you are going through and even less people who can teach you anything useful. If you feel alone and stuck, you are welcome to<a href=\"https:\/\/tinyspeckoflight.com\/et\/online-consultation\/\"> book an appointment<\/a> and we can work through it together.<\/p>\n\n\n\n<h2 class=\"wp-block-heading has-text-align-center\">Latest posts on Twin Flames<\/h2>\n\n\n\n<div class=\"wp-block-columns are-vertically-aligned-center is-layout-flex wp-container-core-columns-is-layout-28f84493 wp-block-columns-is-layout-flex\">\n<div class=\"wp-block-column is-vertically-aligned-center is-layout-flow wp-block-column-is-layout-flow\">\n<div class=\"wp-block-columns is-layout-flex wp-container-core-columns-is-layout-28f84493 wp-block-columns-is-layout-flex\">\n<div class=\"wp-block-column is-layout-flow wp-block-column-is-layout-flow\" style=\"flex-basis:100%\">\n<div class=\"wp-block-columns is-layout-flex wp-container-core-columns-is-layout-28f84493 wp-block-columns-is-layout-flex\">\n<div class=\"wp-block-column is-layout-flow wp-block-column-is-layout-flow\" style=\"flex-basis:100%\">\n<div class=\"wp-block-columns is-layout-flex wp-container-core-columns-is-layout-28f84493 wp-block-columns-is-layout-flex\">\n<div class=\"wp-block-column is-layout-flow wp-block-column-is-layout-flow\" style=\"flex-basis:100%\">\n<div class=\"wp-block-columns is-layout-flex wp-container-core-columns-is-layout-28f84493 wp-block-columns-is-layout-flex\">\n<div class=\"wp-block-column is-layout-flow wp-block-column-is-layout-flow\" style=\"flex-basis:100%\">\n<div class=\"wp-block-columns is-layout-flex wp-container-core-columns-is-layout-28f84493 wp-block-columns-is-layout-flex\">\n<div class=\"wp-block-column is-layout-flow wp-block-column-is-layout-flow\" style=\"flex-basis:100%\">\n<div class=\"wp-block-group is-layout-flow wp-block-group-is-layout-flow\">\n<div class=\"wp-block-columns is-layout-flex wp-container-core-columns-is-layout-28f84493 wp-block-columns-is-layout-flex\">\n<div class=\"wp-block-column is-vertically-aligned-center is-layout-flow wp-block-column-is-layout-flow\" style=\"flex-basis:200%\">\n<div class=\"wp-block-columns is-layout-flex wp-container-core-columns-is-layout-28f84493 wp-block-columns-is-layout-flex\">\n<div class=\"wp-block-column is-layout-flow wp-block-column-is-layout-flow\" style=\"flex-basis:100%\"><ul class=\"wp-block-latest-posts__list is-grid columns-2 wp-block-latest-posts\"><li><div class=\"wp-block-latest-posts__featured-image\"><img loading=\"lazy\" decoding=\"async\" width=\"1024\" height=\"682\" src=\"https:\/\/tinyspeckoflight.com\/wp-content\/uploads\/2025\/10\/pexels-nietjuhart-810036-1024x682.jpg\" class=\"attachment-large size-large wp-post-image\" alt=\"True_love\" style=\"\" srcset=\"https:\/\/tinyspeckoflight.com\/wp-content\/uploads\/2025\/10\/pexels-nietjuhart-810036-1024x682.jpg 1024w, https:\/\/tinyspeckoflight.com\/wp-content\/uploads\/2025\/10\/pexels-nietjuhart-810036-300x200.jpg 300w, https:\/\/tinyspeckoflight.com\/wp-content\/uploads\/2025\/10\/pexels-nietjuhart-810036-768x511.jpg 768w, https:\/\/tinyspeckoflight.com\/wp-content\/uploads\/2025\/10\/pexels-nietjuhart-810036-18x12.jpg 18w, https:\/\/tinyspeckoflight.com\/wp-content\/uploads\/2025\/10\/pexels-nietjuhart-810036-272x182.jpg 272w, https:\/\/tinyspeckoflight.com\/wp-content\/uploads\/2025\/10\/pexels-nietjuhart-810036.jpg 1280w\" sizes=\"auto, (max-width: 1024px) 100vw, 1024px\" \/><\/div><a class=\"wp-block-latest-posts__post-title\" href=\"https:\/\/tinyspeckoflight.com\/et\/true-love-unconditional-love\/\">What is True Love? Understanding Unconditional Love<\/a><div class=\"wp-block-latest-posts__post-excerpt\">True love is something everyone seems to be looking for. To prove how extreme that need is &#8211; there was an interesting news snippet I happened to hear years ago at the time of the war in Afghanistan. A group of psychics went to the refugee camp hoping to help people to find out information about their family members who\u2026 <a class=\"wp-block-latest-posts__read-more\" href=\"https:\/\/tinyspeckoflight.com\/et\/true-love-unconditional-love\/\" rel=\"noopener noreferrer\">Read more<span class=\"screen-reader-text\">: What is True Love? Understanding Unconditional Love<\/span><\/a><\/div><\/li>\n<li><div class=\"wp-block-latest-posts__featured-image\"><img loading=\"lazy\" decoding=\"async\" width=\"1024\" height=\"683\" src=\"https:\/\/tinyspeckoflight.com\/wp-content\/uploads\/2025\/09\/pexels-jeremy-bishop-1260133-2397414-1024x683.jpg\" class=\"attachment-large size-large wp-post-image\" alt=\"Hermit\" style=\"\" srcset=\"https:\/\/tinyspeckoflight.com\/wp-content\/uploads\/2025\/09\/pexels-jeremy-bishop-1260133-2397414-1024x683.jpg 1024w, https:\/\/tinyspeckoflight.com\/wp-content\/uploads\/2025\/09\/pexels-jeremy-bishop-1260133-2397414-scaled-e1758460812689.jpg 300w, https:\/\/tinyspeckoflight.com\/wp-content\/uploads\/2025\/09\/pexels-jeremy-bishop-1260133-2397414-768x512.jpg 768w, https:\/\/tinyspeckoflight.com\/wp-content\/uploads\/2025\/09\/pexels-jeremy-bishop-1260133-2397414-1536x1024.jpg 1536w, https:\/\/tinyspeckoflight.com\/wp-content\/uploads\/2025\/09\/pexels-jeremy-bishop-1260133-2397414-2048x1365.jpg 2048w, https:\/\/tinyspeckoflight.com\/wp-content\/uploads\/2025\/09\/pexels-jeremy-bishop-1260133-2397414-18x12.jpg 18w, https:\/\/tinyspeckoflight.com\/wp-content\/uploads\/2025\/09\/pexels-jeremy-bishop-1260133-2397414-272x182.jpg 272w\" sizes=\"auto, (max-width: 1024px) 100vw, 1024px\" \/><\/div><a class=\"wp-block-latest-posts__post-title\" href=\"https:\/\/tinyspeckoflight.com\/et\/ascension-becoming-a-hermit\/\">Ascension: Becoming a Hermit<\/a><div class=\"wp-block-latest-posts__post-excerpt\">The Hermit mode is a time during the ascension when we feel abandoned and forced into isolation. We get cut off from our family, friends, break up with our partner, and don\u2019t feel connected to our coworkers anymore. <\/div><\/li>\n<li><div class=\"wp-block-latest-posts__featured-image\"><img loading=\"lazy\" decoding=\"async\" width=\"1024\" height=\"674\" src=\"https:\/\/tinyspeckoflight.com\/wp-content\/uploads\/2023\/10\/dynamic-wang-vNCBkSX3Nbo-unsplash-scaled-e1698664635263-1024x674.webp\" class=\"attachment-large size-large wp-post-image\" alt=\"Soul_recognition\" style=\"\" srcset=\"https:\/\/tinyspeckoflight.com\/wp-content\/uploads\/2023\/10\/dynamic-wang-vNCBkSX3Nbo-unsplash-scaled-e1698664635263-1024x674.webp 1024w, https:\/\/tinyspeckoflight.com\/wp-content\/uploads\/2023\/10\/dynamic-wang-vNCBkSX3Nbo-unsplash-scaled-e1698664635263-300x197.webp 300w, https:\/\/tinyspeckoflight.com\/wp-content\/uploads\/2023\/10\/dynamic-wang-vNCBkSX3Nbo-unsplash-scaled-e1698664635263-768x505.webp 768w, https:\/\/tinyspeckoflight.com\/wp-content\/uploads\/2023\/10\/dynamic-wang-vNCBkSX3Nbo-unsplash-scaled-e1698664635263-1536x1011.webp 1536w, https:\/\/tinyspeckoflight.com\/wp-content\/uploads\/2023\/10\/dynamic-wang-vNCBkSX3Nbo-unsplash-scaled-e1698664635263-18x12.webp 18w, https:\/\/tinyspeckoflight.com\/wp-content\/uploads\/2023\/10\/dynamic-wang-vNCBkSX3Nbo-unsplash-scaled-e1698664635263.webp 1920w\" sizes=\"auto, (max-width: 1024px) 100vw, 1024px\" \/><\/div><a class=\"wp-block-latest-posts__post-title\" href=\"https:\/\/tinyspeckoflight.com\/et\/quantum-physics-explains-soul-recognition\/\">Twin Flames: Quantum Physics Explains Soul Recognition<\/a><div class=\"wp-block-latest-posts__post-excerpt\">It is very hard for people who have never experienced being a Soul recognition in Twin Flame connection, to understand how it is different from any other romantic relationship that left a strong impression on you. Well, it is hard to understand for even these people who have experienced it. This is because it is a Soul experience, and our\u2026 <a class=\"wp-block-latest-posts__read-more\" href=\"https:\/\/tinyspeckoflight.com\/et\/quantum-physics-explains-soul-recognition\/\" rel=\"noopener noreferrer\">Read more<span class=\"screen-reader-text\">: Twin Flames: Quantum Physics Explains Soul Recognition<\/span><\/a><\/div><\/li>\n<li><div class=\"wp-block-latest-posts__featured-image\"><img loading=\"lazy\" decoding=\"async\" width=\"1024\" height=\"606\" src=\"https:\/\/tinyspeckoflight.com\/wp-content\/uploads\/2023\/10\/20231012_145904-1-1024x606.webp\" class=\"attachment-large size-large wp-post-image\" alt=\"Twin_Flame_One_Soul\" style=\"\" srcset=\"https:\/\/tinyspeckoflight.com\/wp-content\/uploads\/2023\/10\/20231012_145904-1-1024x606.webp 1024w, https:\/\/tinyspeckoflight.com\/wp-content\/uploads\/2023\/10\/20231012_145904-1-300x178.webp 300w, https:\/\/tinyspeckoflight.com\/wp-content\/uploads\/2023\/10\/20231012_145904-1-768x455.webp 768w, https:\/\/tinyspeckoflight.com\/wp-content\/uploads\/2023\/10\/20231012_145904-1-1536x909.webp 1536w, https:\/\/tinyspeckoflight.com\/wp-content\/uploads\/2023\/10\/20231012_145904-1-2048x1212.webp 1920w, https:\/\/tinyspeckoflight.com\/wp-content\/uploads\/2023\/10\/20231012_145904-1-18x12.webp 18w, https:\/\/tinyspeckoflight.com\/wp-content\/uploads\/2023\/10\/20231012_145904-1-e1697113507930.webp 580w\" sizes=\"auto, (max-width: 1024px) 100vw, 1024px\" \/><\/div><a class=\"wp-block-latest-posts__post-title\" href=\"https:\/\/tinyspeckoflight.com\/et\/have-i-met-my-twin-flame\/\">How to tell if I am a Twin Flame? 5 signs to know, 9 steps to help<\/a><div class=\"wp-block-latest-posts__post-excerpt\">Twin Flame subject is such a hype at the moment. Almost every person who has a relationship likes to call their other half their Twin Flame. The trouble is that when you have not experienced the Twin Flame connection for real, then all other intense relationships might feel like it because it is all you have ever experienced. I believe\u2026 <a class=\"wp-block-latest-posts__read-more\" href=\"https:\/\/tinyspeckoflight.com\/et\/have-i-met-my-twin-flame\/\" rel=\"noopener noreferrer\">Read more<span class=\"screen-reader-text\">: How to tell if I am a Twin Flame? 5 signs to know, 9 steps to help<\/span><\/a><\/div><\/li>\n<li><div class=\"wp-block-latest-posts__featured-image\"><img loading=\"lazy\" decoding=\"async\" width=\"1024\" height=\"768\" src=\"https:\/\/tinyspeckoflight.com\/wp-content\/uploads\/2021\/10\/manikandan-annamalai-RvSbLuRqiGw-unsplash-1024x768.jpg\" class=\"attachment-large size-large wp-post-image\" alt=\"the-dark-night-of-the-soul\" style=\"\" srcset=\"https:\/\/tinyspeckoflight.com\/wp-content\/uploads\/2021\/10\/manikandan-annamalai-RvSbLuRqiGw-unsplash-1024x768.jpg 1024w, https:\/\/tinyspeckoflight.com\/wp-content\/uploads\/2021\/10\/manikandan-annamalai-RvSbLuRqiGw-unsplash-scaled-600x450.jpg 600w, https:\/\/tinyspeckoflight.com\/wp-content\/uploads\/2021\/10\/manikandan-annamalai-RvSbLuRqiGw-unsplash-300x225.jpg 300w, https:\/\/tinyspeckoflight.com\/wp-content\/uploads\/2021\/10\/manikandan-annamalai-RvSbLuRqiGw-unsplash-768x576.jpg 768w, https:\/\/tinyspeckoflight.com\/wp-content\/uploads\/2021\/10\/manikandan-annamalai-RvSbLuRqiGw-unsplash-1536x1151.jpg 1536w, https:\/\/tinyspeckoflight.com\/wp-content\/uploads\/2021\/10\/manikandan-annamalai-RvSbLuRqiGw-unsplash-2048x1535.jpg 2048w, https:\/\/tinyspeckoflight.com\/wp-content\/uploads\/2021\/10\/manikandan-annamalai-RvSbLuRqiGw-unsplash-16x12.jpg 16w\" sizes=\"auto, (max-width: 1024px) 100vw, 1024px\" \/><\/div><a class=\"wp-block-latest-posts__post-title\" href=\"https:\/\/tinyspeckoflight.com\/et\/the-dark-night-of-the-soul-how-to-get-out\/\">Ego Surm: Miks see tekib? Kuidas sellest v\u00e4lja saada?<\/a><div class=\"wp-block-latest-posts__post-excerpt\">Iga\u00fchel meist on elus esinenud madalseise, kuid m\u00f5ni neist j\u00e4\u00e4b eriti teravalt meelde. Need on tavaliselt need, mis algavad v\u00e4ga ootamatult ja toovad endaga kaasa suurimad muutused meie elus. M\u00f5nikord v\u00f5ib see olla nii suur muutus eluoludes, et see muudab meie isiksust ja \u00fcldist elusuunda. Need perioodid tunduvad p\u00f5rguna ja sel hetkel tundub nagu v\u00e4ljap\u00e4\u00e4su poleks.<\/div><\/li>\n<\/ul><\/div>\n<\/div>\n<\/div>\n<\/div>\n<\/div>\n<\/div>\n<\/div>\n<\/div>\n<\/div>\n<\/div>\n<\/div>\n<\/div>\n<\/div>\n<\/div>\n<\/div>\n<\/div>\n<\/div>\n\n\n\n<h2 class=\"wp-block-heading has-text-align-center\">Twin Flames on Quora<\/h2>\n\n\n\n<div class=\"wp-block-columns is-layout-flex wp-container-core-columns-is-layout-28f84493 wp-block-columns-is-layout-flex\">\n<div class=\"wp-block-column is-layout-flow wp-block-column-is-layout-flow\"><\/div>\n\n\n\n<div class=\"wp-block-column is-layout-flow wp-block-column-is-layout-flow\"><\/div>\n<\/div>\n\n\n\n<div class=\"wp-block-columns is-layout-flex wp-container-core-columns-is-layout-28f84493 wp-block-columns-is-layout-flex\">\n<div class=\"wp-block-column is-layout-flow wp-block-column-is-layout-flow\"><\/div>\n\n\n\n<div class=\"wp-block-column is-layout-flow wp-block-column-is-layout-flow\"><\/div>\n<\/div>\n\n\n\n<div class=\"wp-block-columns is-layout-flex wp-container-core-columns-is-layout-28f84493 wp-block-columns-is-layout-flex\">\n<div class=\"wp-block-column is-layout-flow wp-block-column-is-layout-flow\" style=\"flex-basis:33.33%\">\n<figure class=\"wp-block-image aligncenter size-full\"><img loading=\"lazy\" decoding=\"async\" width=\"867\" height=\"995\" src=\"https:\/\/tinyspeckoflight.com\/wp-content\/uploads\/2022\/02\/pexels-photo-6788862-e1759128530820.jpeg\" alt=\"Twin_flames\" class=\"wp-image-2059\" srcset=\"https:\/\/tinyspeckoflight.com\/wp-content\/uploads\/2022\/02\/pexels-photo-6788862-e1759128530820.jpeg 867w, https:\/\/tinyspeckoflight.com\/wp-content\/uploads\/2022\/02\/pexels-photo-6788862-e1759128530820-261x300.jpeg 261w, https:\/\/tinyspeckoflight.com\/wp-content\/uploads\/2022\/02\/pexels-photo-6788862-e1759128530820-768x881.jpeg 768w, https:\/\/tinyspeckoflight.com\/wp-content\/uploads\/2022\/02\/pexels-photo-6788862-e1759128530820-10x12.jpeg 10w\" sizes=\"auto, (max-width: 867px) 100vw, 867px\" \/><figcaption class=\"wp-element-caption\"><em>Photo by How Far From Home on <a href=\"https:\/\/www.pexels.com\/photo\/petals-in-heart-shape-on-sand-6788862\/\" rel=\"nofollow noopener\" target=\"_blank\">Pexels.com<\/a><\/em><\/figcaption><\/figure>\n<\/div>\n\n\n\n<div class=\"wp-block-column is-layout-flow wp-block-column-is-layout-flow\" style=\"flex-basis:66.66%\">\n<ul class=\"wp-block-list\">\n<li><a href=\"https:\/\/www.quora.com\/profile\/Katherina-Tiny-Speck-of-Light\/answers\" target=\"_blank\" rel=\"noreferrer noopener\">My asnwers<\/a><\/li>\n\n\n\n<li><a href=\"https:\/\/twinflameascensionguide.quora.com\/\" target=\"_blank\" rel=\"noreferrer noopener\">The space I contribute with other Twin Flames<\/a><\/li>\n<\/ul>\n\n\n\n<details class=\"wp-block-details is-layout-flow wp-block-details-is-layout-flow\"><summary><strong>Do all twin flames thing of each other 24\/7?<\/strong><\/summary>\n<p>The obsessive thinking is one of the signs you have met your Twin Flame. However, the obsessive thinking only happens to the DF during the separation before they have balanced their energies. Once you have come through the DNOTS and shed your Ego and personality, the obsessive thinking subsides. Unbelievable, I know.<\/p>\n\n\n\n<p>In order to help yourself to get on with this process, it is advisable to detox off your TF &#8211; avoid all things that remind you of them. You do not need any \u201cfood for thought\u201d since you are already blasting to think about them every second of every minute of your life. Another thing to do is focus on your inner energy body and pull your energy back into you.<\/p>\n\n\n\n<p><a href=\"https:\/\/www.quora.com\/Do-all-twin-flames-think-of-each-other-24-7\/answer\/Katherina-Tiny-Speck-of-Light\" target=\"_blank\" data-type=\"link\" data-id=\"https:\/\/www.quora.com\/Do-all-twin-flames-think-of-each-other-24-7\/answer\/Katherina-Tiny-Speck-of-Light\" rel=\"noreferrer noopener\">Keep reading&#8230;<\/a><\/p>\n<\/details>\n\n\n\n<details class=\"wp-block-details is-layout-flow wp-block-details-is-layout-flow\"><summary><strong>Do all Twin Flames fall in love?<\/strong><\/summary>\n<p>Yes, the initial bubble love phase happens to all Twin Flames and they do fall in love. It does not matter what age you are or even what gender. It just happens.<\/p>\n\n\n\n<p>And it feels like you have no choice in the matter. Because your Soul is so strongly guiding you, you feel like you have lost all your free will. When in fact you are on your way to finally get your free will after you have gone through the Ego Death and shed all the dualistic programming stemming from your Ego\/Mind.<\/p>\n<\/details>\n\n\n\n<details class=\"wp-block-details is-layout-flow wp-block-details-is-layout-flow\"><summary><strong>How do you know if your twin flame is trying to contact you?<\/strong><\/summary>\n<p>The real sign out be that they are either messaging you or calling you or talking to you or trying to find you in person.<\/p>\n\n\n\n<p>One thing for sure &#8211; as long as the chaser is thinking about the runner or trying to figure out if the runner is wanting to contact them, they would not be able to even think of you. It is because in the astral field the chaser\u2019s thought energy is pushing on to the runner and they will keep on focusing on everything else but their Twin Flame.<\/p>\n\n\n\n<p>You have to pull all your energy within yourself. Focus on your inner body &#8211; this way your energy will balance out and at least you give your runner a chance to think of you again :).<\/p>\n<\/details>\n\n\n\n<details class=\"wp-block-details is-layout-flow wp-block-details-is-layout-flow\"><summary><strong>What is the third energy of a twin flame?<\/strong><\/summary>\n<p>Actually, there is a \u201cthird\u201d energy with every close relationship that is formed by two people interacting. You can sense this when you are very sensitive to energies and talk to some couples. They have a distinct own energy field that submerges from the two people being in harmony.<\/p>\n\n\n\n<p>With Twin Flames I would say that there is no third energy actually &#8211; the Soul energy that starts shining through after the Soul recognition creates the illusion of the third energy. This has always been there and will always be there &#8211; you actually are one energy with your Twin Flame. I\u2019d say that rather than there being third energy, there is no two energies but one.<\/p>\n\n\n\n<p><a href=\"https:\/\/www.quora.com\/What-is-the-third-energy-of-a-twin-flame\/answer\/Katherina-Tiny-Speck-of-Light\" target=\"_blank\" rel=\"noreferrer noopener\">Keep reading&#8230;<\/a><\/p>\n<\/details>\n<\/div>\n<\/div>\n\n\n\n<div class=\"wp-block-columns is-layout-flex wp-container-core-columns-is-layout-28f84493 wp-block-columns-is-layout-flex\"><\/div>\n\n\n\n<p><\/p>","protected":false},"excerpt":{"rendered":"<p>\u2013 Twin Flames \u2013 This page is dedicated to content I write about Twin Flames or any posts\/answers that might help you if you are experiencing ascension process triggered by Soul recognition with your Twin Flame. Meeting your Twin Flame can be most wonderful experience in the beginning, that then will become your trigger to [&hellip;]<\/p>\n","protected":false},"author":1,"featured_media":0,"parent":759,"menu_order":0,"comment_status":"closed","ping_status":"closed","template":"","meta":{"site-sidebar-layout":"default","site-content-layout":"","ast-site-content-layout":"default","site-content-style":"default","site-sidebar-style":"default","ast-global-header-display":"","ast-banner-title-visibility":"","ast-main-header-display":"","ast-hfb-above-header-display":"","ast-hfb-below-header-display":"","ast-hfb-mobile-header-display":"","site-post-title":"disabled","ast-breadcrumbs-content":"","ast-featured-img":"","footer-sml-layout":"","ast-disable-related-posts":"","theme-transparent-header-meta":"","adv-header-id-meta":"","stick-header-meta":"","header-above-stick-meta":"","header-main-stick-meta":"","header-below-stick-meta":"","astra-migrate-meta-layouts":"set","ast-page-background-enabled":"default","ast-page-background-meta":{"desktop":{"background-color":"var(--ast-global-color-4)","background-image":"","background-repeat":"repeat","background-position":"center center","background-size":"auto","background-attachment":"scroll","background-type":"","background-media":"","overlay-type":"","overlay-color":"","overlay-opacity":"","overlay-gradient":""},"tablet":{"background-color":"","background-image":"","background-repeat":"repeat","background-position":"center center","background-size":"auto","background-attachment":"scroll","background-type":"","background-media":"","overlay-type":"","overlay-color":"","overlay-opacity":"","overlay-gradient":""},"mobile":{"background-color":"","background-image":"","background-repeat":"repeat","background-position":"center center","background-size":"auto","background-attachment":"scroll","background-type":"","background-media":"","overlay-type":"","overlay-color":"","overlay-opacity":"","overlay-gradient":""}},"ast-content-background-meta":{"desktop":{"background-color":"var(--ast-global-color-5)","background-image":"","background-repeat":"repeat","background-position":"center center","background-size":"auto","background-attachment":"scroll","background-type":"","background-media":"","overlay-type":"","overlay-color":"","overlay-opacity":"","overlay-gradient":""},"tablet":{"background-color":"var(--ast-global-color-5)","background-image":"","background-repeat":"repeat","background-position":"center center","background-size":"auto","background-attachment":"scroll","background-type":"","background-media":"","overlay-type":"","overlay-color":"","overlay-opacity":"","overlay-gradient":""},"mobile":{"background-color":"var(--ast-global-color-5)","background-image":"","background-repeat":"repeat","background-position":"center center","background-size":"auto","background-attachment":"scroll","background-type":"","background-media":"","overlay-type":"","overlay-color":"","overlay-opacity":"","overlay-gradient":""}},"footnotes":""},"class_list":["post-741","page","type-page","status-publish","hentry"],"jetpack_sharing_enabled":true,"_links":{"self":[{"href":"https:\/\/tinyspeckoflight.com\/et\/wp-json\/wp\/v2\/pages\/741","targetHints":{"allow":["GET"]}}],"collection":[{"href":"https:\/\/tinyspeckoflight.com\/et\/wp-json\/wp\/v2\/pages"}],"about":[{"href":"https:\/\/tinyspeckoflight.com\/et\/wp-json\/wp\/v2\/types\/page"}],"author":[{"embeddable":true,"href":"https:\/\/tinyspeckoflight.com\/et\/wp-json\/wp\/v2\/users\/1"}],"replies":[{"embeddable":true,"href":"https:\/\/tinyspeckoflight.com\/et\/wp-json\/wp\/v2\/comments?post=741"}],"version-history":[{"count":15,"href":"https:\/\/tinyspeckoflight.com\/et\/wp-json\/wp\/v2\/pages\/741\/revisions"}],"predecessor-version":[{"id":2085,"href":"https:\/\/tinyspeckoflight.com\/et\/wp-json\/wp\/v2\/pages\/741\/revisions\/2085"}],"up":[{"embeddable":true,"href":"https:\/\/tinyspeckoflight.com\/et\/wp-json\/wp\/v2\/pages\/759"}],"wp:attachment":[{"href":"https:\/\/tinyspeckoflight.com\/et\/wp-json\/wp\/v2\/media?parent=741"}],"curies":[{"name":"wp","href":"https:\/\/api.w.org\/{rel}","templated":true}]}}