{"id":547,"date":"2022-02-27T15:53:40","date_gmt":"2022-02-27T15:53:40","guid":{"rendered":"https:\/\/tinyspeckoflight.com\/?page_id=547"},"modified":"2025-10-19T08:05:23","modified_gmt":"2025-10-19T05:05:23","slug":"books","status":"publish","type":"page","link":"https:\/\/tinyspeckoflight.com\/et\/books\/","title":{"rendered":"\u2013 Raamatud \u2013"},"content":{"rendered":"<figure class=\"wp-block-image alignwide size-full\"><img loading=\"lazy\" decoding=\"async\" width=\"640\" height=\"424\" src=\"https:\/\/tinyspeckoflight.com\/wp-content\/uploads\/2022\/05\/mikolaj-DCzpr09cTXY-unsplash.jpg\" alt=\"Books\" class=\"wp-image-1086\" srcset=\"https:\/\/tinyspeckoflight.com\/wp-content\/uploads\/2022\/05\/mikolaj-DCzpr09cTXY-unsplash.jpg 640w, https:\/\/tinyspeckoflight.com\/wp-content\/uploads\/2022\/05\/mikolaj-DCzpr09cTXY-unsplash-300x199.jpg 300w, https:\/\/tinyspeckoflight.com\/wp-content\/uploads\/2022\/05\/mikolaj-DCzpr09cTXY-unsplash-18x12.jpg 18w\" sizes=\"auto, (max-width: 640px) 100vw, 640px\" \/><figcaption class=\"wp-element-caption\">Leia enda t\u00f5de lugedes sellest, mis teised avastanud on.<\/figcaption><\/figure>\n\n\n\n<p><\/p>\n\n\n\n<p>Siin on nimekiri minu loetud raamatutest, millest olen saanud palju abi ja mis on andnud \u00fclevaate eluvaldkondadest, mida koolis v\u00e4ga ei \u00f5petata. Minu arvates on \u00fcllatav, kuidas enamik neist kirjeldab v\u00f5i \u00f5petab sama asja \u2013 pole vahet, kas tegu on tuhandeid aastaid vana vaimse \u00f5petuse v\u00f5i kaasaegse <a href=\"https:\/\/tinyspeckoflight.com\/et\/science-explains\/\" target=\"_blank\" rel=\"noreferrer noopener\">kvantf\u00fc\u00fcsika<\/a> raamatuga. K\u00f5ik need inimesed on kuidagi leidnud tee sama t\u00f5eni.<\/p>\n\n\n\n<p>I have tried to separate the books into sections, so it is easier to choose. Unfortunately, all books have not been translated into English. Few of them are only available in Estonian or Russian.<\/p>\n\n\n\n<h2 class=\"wp-block-heading\">Books to Read During Ascension<\/h2>\n\n\n\n<ul class=\"wp-block-list\">\n<li><a title=\"Tao Te Ching\" data-linkid=\"1214\" data-nojs=\"false\" href=\"https:\/\/amzn.to\/3CVmZTH\" target=\"_blank\" rel=\"noopener\">Tao Te Ching<\/a>\u00a0\u2013 Laozi<\/li>\n\n\n\n<li><a href=\"https:\/\/tinyspeckoflight.com\/et\/recommends\/living-the-wisdom-of-the-tao\/\" target=\"_blank\" rel=\"noopener\">Living the Wisdom of the Tao: The Complete Tao Te Ching &amp; Affirmations<\/a> &#8211; Dr. Wayne D. Dyer<\/li>\n\n\n\n<li><a title=\"Uus Maailm\" href=\"https:\/\/tinyspeckoflight.com\/et\/recommends\/the-new-earth\/\" target=\"_blank\" rel=\"noopener\">A New Earth: Awakening to Your Life\u2019s Purpose<\/a>\u00a0\u2013 Eckhart Tolle<\/li>\n\n\n\n<li><a title=\"The Power of Now\" href=\"https:\/\/tinyspeckoflight.com\/et\/recommends\/the-power-of-now\/\" target=\"_blank\" rel=\"noopener\">The Power of Now \u2013 A Guide to Spiritual Enlightenment\u00a0<\/a>\u2013 Eckhart Tolle<\/li>\n\n\n\n<li><a title=\"Conversations with God\" href=\"https:\/\/tinyspeckoflight.com\/et\/recommends\/conversations-with-god\/\" target=\"_blank\" rel=\"noopener\">Conversations With God : An Uncommon Dialogue<\/a>\u00a0\u2013 Neal Donald Walsch<\/li>\n\n\n\n<li><a title=\"Everyday Zen\" href=\"https:\/\/tinyspeckoflight.com\/et\/recommends\/everyday-zen\/\" target=\"_blank\" rel=\"noopener\">Everyday Zen: Love and Work\u00a0<\/a>\u2013 Charlotte Joko Beck<\/li>\n\n\n\n<li><a title=\"Tuhande n\u00e4oga kangelane\" href=\"https:\/\/tinyspeckoflight.com\/et\/recommends\/the-hero-with-a-thousand-faces\/\" target=\"_blank\" rel=\"noopener\">Tuhande n\u00e4oga kangelane\u00a0<\/a>\u2013 Joseph Campbell<\/li>\n\n\n\n<li><a title=\"The Untethered Soul\" href=\"https:\/\/tinyspeckoflight.com\/et\/recommends\/the-untethered-soul\/\" target=\"_blank\" rel=\"noopener\">The Untethered Soul: The Journey Beyond Yourself\u00a0<\/a>\u2013 Michael A. Singer<\/li>\n\n\n\n<li><a href=\"https:\/\/amzn.to\/3B6z3RP\" target=\"_blank\" rel=\"noreferrer noopener\">Children of the Law of One-Lost Teachings of Atlantis\u00a0<\/a>\u2013 Jon Peniel<\/li>\n<\/ul>\n\n\n\n<h2 class=\"wp-block-heading\">Teadus seletab<\/h2>\n\n\n\n<ul class=\"wp-block-list\">\n<li><a title=\"Metahuman\" href=\"https:\/\/tinyspeckoflight.com\/et\/recommends\/metahuman\/\" target=\"_blank\" rel=\"noopener\">Metahuman \u2013 Unleashing Your Infinite Potential\u00a0<\/a>\u2013 Deepak Chopra<\/li>\n\n\n\n<li>Karma: M\u00fc\u00fct v\u00f5i tegelikkus? Kas saatuse muutmine on v\u00f5imalik? \u2013 Naumi<\/li>\n\n\n\n<li><a title=\"Power vs Force\" href=\"https:\/\/tinyspeckoflight.com\/et\/recommends\/power-vs-force\/\" target=\"_blank\" rel=\"noopener\">Power vs Force\u00a0<\/a>\u2013 David R. Hawkins<\/li>\n\n\n\n<li><a title=\"Psycho-Cybernetics\" href=\"https:\/\/tinyspeckoflight.com\/et\/recommends\/psycho-cybernetics\/\" target=\"_blank\" rel=\"noopener\">Psycho-Cybernetics: Updated and Expanded<\/a>\u00a0\u2013 Maxwell Maltz<\/li>\n\n\n\n<li><a title=\"The Theory of Almost Everything\" href=\"https:\/\/tinyspeckoflight.com\/et\/recommends\/the-theory-of-almost-everything\/\" target=\"_blank\" rel=\"noopener\">The Theory of Almost Everything\u00a0<\/a>\u2013 Robert Oerter<\/li>\n\n\n\n<li><a title=\"Quantum Evolution\" href=\"https:\/\/tinyspeckoflight.com\/et\/recommends\/quantum-evolution\/\" target=\"_blank\" rel=\"noopener\">Quantum Evolution \u2013 Life in the Multiverse\u00a0<\/a>\u2013 Johnjoe McFadden<\/li>\n\n\n\n<li><a title=\"Becoming Supernatural.\" href=\"https:\/\/tinyspeckoflight.com\/et\/recommends\/becoming-supernatural\/\" target=\"_blank\" rel=\"noopener\">Becoming Supernatural.\u00a0<\/a>\u2013 Dr. Joe Dispenza<\/li>\n\n\n\n<li><a title=\"Infinite Potential Quantum Physics\" href=\"https:\/\/tinyspeckoflight.com\/et\/recommends\/infinite-potential-quantum-physics\/\" target=\"_blank\" rel=\"noopener\">Infinite Potential: What Quantum Physics Reveals About How We Should Live<\/a> &#8211; Lothar Schafer<\/li>\n<\/ul>\n\n\n\n<h2 class=\"wp-block-heading\">Raamatud, mis seletavad hinge teekonda<\/h2>\n\n\n\n<ul class=\"wp-block-list\">\n<li><a title=\"Life Between Lives\" href=\"https:\/\/tinyspeckoflight.com\/et\/recommends\/life-between-lives\/\" target=\"_blank\" rel=\"noopener\">Life between Lives<\/a>\u00a0\u2013\u00a0Michael Newton<\/li>\n\n\n\n<li><a title=\"Shamanic Spirit\" href=\"https:\/\/tinyspeckoflight.com\/et\/recommends\/shamanic-spirit\/\" target=\"_blank\" rel=\"noopener\">Shamanic Spirit: A Practical Guide to Personal Fulfillment<\/a>\u00a0\u2013 Kenneth Meadows<\/li>\n<\/ul>\n\n\n\n<h2 class=\"wp-block-heading\">Muud huvitavad lugemised<\/h2>\n\n\n\n<ul class=\"wp-block-list\">\n<li><a title=\"Egregory\" href=\"https:\/\/tinyspeckoflight.com\/et\/recommends\/egregory\/\" target=\"_blank\" rel=\"noopener\">Egregory\u00a0<\/a>\u2013 Anatoliy Nekrasov\u00a0<em>(in Russian)<\/em><\/li>\n\n\n\n<li><a title=\"Egregores\" href=\"https:\/\/tinyspeckoflight.com\/et\/recommends\/egregores\/\" target=\"_blank\" rel=\"noopener\">Egregores: The Occult Entities That Watch Over Human Destiny\u00a0<\/a>\u2013 Mark Stavish<\/li>\n\n\n\n<li><a title=\"Quiet\" href=\"https:\/\/tinyspeckoflight.com\/et\/recommends\/quiet\/\" target=\"_blank\" rel=\"noopener\">Quiet : The Power of Introverts in a World That Can\u2019t Stop Talking\u00a0<\/a>\u2013 Susan Cain<\/li>\n\n\n\n<li><a title=\"The Alchemist\" href=\"https:\/\/tinyspeckoflight.com\/et\/recommends\/the-alchemist\/\" target=\"_blank\" rel=\"noopener\">The Alchemist<\/a>\u00a0\u2013 Paulo Coelho<\/li>\n\n\n\n<li><a title=\"Celestine&#039;i ettekuulutus\" href=\"https:\/\/tinyspeckoflight.com\/et\/recommends\/the-celestine-prophecy\/\" target=\"_blank\" rel=\"noopener\">Celestine'i ettekuulutus<\/a>\u00a0\u2013 James Redfield<\/li>\n\n\n\n<li><a title=\"Think and Grow Rich\" href=\"https:\/\/tinyspeckoflight.com\/et\/recommends\/think-and-grow-rich\/\" target=\"_blank\" rel=\"noopener\">Think and Grow Rich<\/a>\u00a0\u2013 Napoleon Hill<\/li>\n\n\n\n<li><a title=\"12 Rules of Life\" href=\"https:\/\/tinyspeckoflight.com\/et\/recommends\/12-rules-of-life\/\" target=\"_blank\" rel=\"noopener\">12 Rules of Life: An Antidote to Chaos<\/a>\u00a0\u2013 Jordan B. Peterson<\/li>\n<\/ul>\n\n\n\n<p><em>*As an Amazon Associate, I earn from qualifying purchases<\/em><\/p>\n\n\n\n<p><\/p>","protected":false},"excerpt":{"rendered":"<p>Here is a list of books I have read that have been most helpful and given a lot of insight to the areas of life they do not teach at school. I find it surprising how most of them describe or teach the same thing &#8211; it does not matter if it is thousands of [&hellip;]<\/p>\n","protected":false},"author":1,"featured_media":0,"parent":0,"menu_order":0,"comment_status":"closed","ping_status":"closed","template":"","meta":{"site-sidebar-layout":"default","site-content-layout":"","ast-site-content-layout":"default","site-content-style":"default","site-sidebar-style":"default","ast-global-header-display":"","ast-banner-title-visibility":"","ast-main-header-display":"","ast-hfb-above-header-display":"","ast-hfb-below-header-display":"","ast-hfb-mobile-header-display":"","site-post-title":"","ast-breadcrumbs-content":"","ast-featured-img":"","footer-sml-layout":"","ast-disable-related-posts":"","theme-transparent-header-meta":"","adv-header-id-meta":"","stick-header-meta":"","header-above-stick-meta":"","header-main-stick-meta":"","header-below-stick-meta":"","astra-migrate-meta-layouts":"set","ast-page-background-enabled":"default","ast-page-background-meta":{"desktop":{"background-color":"var(--ast-global-color-4)","background-image":"","background-repeat":"repeat","background-position":"center center","background-size":"auto","background-attachment":"scroll","background-type":"","background-media":"","overlay-type":"","overlay-color":"","overlay-opacity":"","overlay-gradient":""},"tablet":{"background-color":"","background-image":"","background-repeat":"repeat","background-position":"center center","background-size":"auto","background-attachment":"scroll","background-type":"","background-media":"","overlay-type":"","overlay-color":"","overlay-opacity":"","overlay-gradient":""},"mobile":{"background-color":"","background-image":"","background-repeat":"repeat","background-position":"center center","background-size":"auto","background-attachment":"scroll","background-type":"","background-media":"","overlay-type":"","overlay-color":"","overlay-opacity":"","overlay-gradient":""}},"ast-content-background-meta":{"desktop":{"background-color":"var(--ast-global-color-5)","background-image":"","background-repeat":"repeat","background-position":"center center","background-size":"auto","background-attachment":"scroll","background-type":"","background-media":"","overlay-type":"","overlay-color":"","overlay-opacity":"","overlay-gradient":""},"tablet":{"background-color":"var(--ast-global-color-5)","background-image":"","background-repeat":"repeat","background-position":"center center","background-size":"auto","background-attachment":"scroll","background-type":"","background-media":"","overlay-type":"","overlay-color":"","overlay-opacity":"","overlay-gradient":""},"mobile":{"background-color":"var(--ast-global-color-5)","background-image":"","background-repeat":"repeat","background-position":"center center","background-size":"auto","background-attachment":"scroll","background-type":"","background-media":"","overlay-type":"","overlay-color":"","overlay-opacity":"","overlay-gradient":""}},"footnotes":""},"class_list":["post-547","page","type-page","status-publish","hentry"],"jetpack_sharing_enabled":true,"_links":{"self":[{"href":"https:\/\/tinyspeckoflight.com\/et\/wp-json\/wp\/v2\/pages\/547","targetHints":{"allow":["GET"]}}],"collection":[{"href":"https:\/\/tinyspeckoflight.com\/et\/wp-json\/wp\/v2\/pages"}],"about":[{"href":"https:\/\/tinyspeckoflight.com\/et\/wp-json\/wp\/v2\/types\/page"}],"author":[{"embeddable":true,"href":"https:\/\/tinyspeckoflight.com\/et\/wp-json\/wp\/v2\/users\/1"}],"replies":[{"embeddable":true,"href":"https:\/\/tinyspeckoflight.com\/et\/wp-json\/wp\/v2\/comments?post=547"}],"version-history":[{"count":30,"href":"https:\/\/tinyspeckoflight.com\/et\/wp-json\/wp\/v2\/pages\/547\/revisions"}],"predecessor-version":[{"id":2117,"href":"https:\/\/tinyspeckoflight.com\/et\/wp-json\/wp\/v2\/pages\/547\/revisions\/2117"}],"wp:attachment":[{"href":"https:\/\/tinyspeckoflight.com\/et\/wp-json\/wp\/v2\/media?parent=547"}],"curies":[{"name":"wp","href":"https:\/\/api.w.org\/{rel}","templated":true}]}}