{"id":343,"date":"2021-07-24T11:37:42","date_gmt":"2021-07-24T11:37:42","guid":{"rendered":"https:\/\/tinyspeckoflight.com\/?page_id=343"},"modified":"2025-09-22T12:05:03","modified_gmt":"2025-09-22T09:05:03","slug":"channels","status":"publish","type":"page","link":"https:\/\/tinyspeckoflight.com\/et\/channels\/","title":{"rendered":"\u2013 Kanalid \u2013"},"content":{"rendered":"<figure class=\"extendedwopts-md-center wp-block-image size-full is-resized\"><img loading=\"lazy\" decoding=\"async\" width=\"640\" height=\"295\" src=\"https:\/\/tinyspeckoflight.com\/wp-content\/uploads\/2022\/05\/Channels.webp\" alt=\"Channels\" class=\"wp-image-1134\" style=\"width:910px;height:auto\" srcset=\"https:\/\/tinyspeckoflight.com\/wp-content\/uploads\/2022\/05\/Channels.webp 640w, https:\/\/tinyspeckoflight.com\/wp-content\/uploads\/2022\/05\/Channels-300x138.webp 300w, https:\/\/tinyspeckoflight.com\/wp-content\/uploads\/2022\/05\/Channels-18x8.webp 18w\" sizes=\"auto, (max-width: 640px) 100vw, 640px\" \/><\/figure>\n\n\n\n<p>Siin on m\u00f5ned YouTube'i kanalid, mis on erinevatel perioodidel kasulikud olnud. On huvitav, kuidas erinevad teemad on sattunud mu t\u00e4helepanu k\u00f6itma ja iga\u00fcks neist on avardanud mu maailma. Just nagu <a href=\"https:\/\/tinyspeckoflight.com\/et\/books\/\">raamatuid<\/a>lugedes, on hea alati hoida avatud meelt ja kujundada tarbitud teabe p\u00f5hjal enda t\u00f5de. <\/p>\n\n\n\n<h2 class=\"wp-block-heading\">Podcastid<\/h2>\n\n\n\n<div class=\"wp-block-columns is-layout-flex wp-container-core-columns-is-layout-28f84493 wp-block-columns-is-layout-flex\">\n<div class=\"wp-block-column is-layout-flow wp-block-column-is-layout-flow\">\n<figure class=\"wp-block-image aligncenter\" id=\"block-be56618b-6597-4e98-ae90-cbc5d9ffdaa7\"><a href=\"https:\/\/www.youtube.com\/c\/AubreyMarcusPod\" target=\"_blank\" rel=\"noopener\"><img decoding=\"async\" src=\"https:\/\/tinyspeckoflight.com\/wp-content\/uploads\/2021\/07\/Aubrey-Marcus.jpg\" alt=\"This image has an empty alt attribute; its file name is Aubrey-Marcus.jpg\"\/><\/a><figcaption class=\"wp-element-caption\">Aubrey Marcus<\/figcaption><\/figure>\n<\/div>\n\n\n\n<div class=\"wp-block-column is-layout-flow wp-block-column-is-layout-flow\">\n<figure class=\"wp-block-image aligncenter size-full is-resized\"><a href=\"https:\/\/www.youtube.com\/channel\/UCbV60AGIHKz2xIGvbk0LLvg\" target=\"_blank\" rel=\"noopener\"><img loading=\"lazy\" decoding=\"async\" width=\"500\" height=\"500\" src=\"https:\/\/tinyspeckoflight.com\/wp-content\/uploads\/2022\/05\/Jay-Shetty-Speaker.jpg\" alt=\"Jay_Shetty_channel\" class=\"wp-image-1132\" style=\"width:177px;height:auto\" srcset=\"https:\/\/tinyspeckoflight.com\/wp-content\/uploads\/2022\/05\/Jay-Shetty-Speaker.jpg 500w, https:\/\/tinyspeckoflight.com\/wp-content\/uploads\/2022\/05\/Jay-Shetty-Speaker-300x300.jpg 300w, https:\/\/tinyspeckoflight.com\/wp-content\/uploads\/2022\/05\/Jay-Shetty-Speaker-150x150.jpg 150w, https:\/\/tinyspeckoflight.com\/wp-content\/uploads\/2022\/05\/Jay-Shetty-Speaker-12x12.jpg 12w, https:\/\/tinyspeckoflight.com\/wp-content\/uploads\/2022\/05\/Jay-Shetty-Speaker-100x100.jpg 100w\" sizes=\"auto, (max-width: 500px) 100vw, 500px\" \/><\/a><figcaption class=\"wp-element-caption\">Jay Shetty<\/figcaption><\/figure>\n<\/div>\n\n\n\n<div class=\"wp-block-column is-layout-flow wp-block-column-is-layout-flow\">\n<figure class=\"wp-block-image aligncenter size-full is-resized\"><a href=\"https:\/\/www.youtube.com\/c\/lewishowes\" target=\"_blank\" rel=\"noopener\"><img loading=\"lazy\" decoding=\"async\" width=\"650\" height=\"640\" src=\"https:\/\/tinyspeckoflight.com\/wp-content\/uploads\/2022\/05\/lewis-howes-head.jpg\" alt=\"Lewis_Howes_channel\" class=\"wp-image-1133\" style=\"width:181px;height:auto\" srcset=\"https:\/\/tinyspeckoflight.com\/wp-content\/uploads\/2022\/05\/lewis-howes-head.jpg 650w, https:\/\/tinyspeckoflight.com\/wp-content\/uploads\/2022\/05\/lewis-howes-head-300x295.jpg 300w, https:\/\/tinyspeckoflight.com\/wp-content\/uploads\/2022\/05\/lewis-howes-head-12x12.jpg 12w\" sizes=\"auto, (max-width: 650px) 100vw, 650px\" \/><\/a><figcaption class=\"wp-element-caption\">Lewis Howes<\/figcaption><\/figure>\n<\/div>\n<\/div>\n\n\n\n<div class=\"wp-block-columns is-layout-flex wp-container-core-columns-is-layout-28f84493 wp-block-columns-is-layout-flex\">\n<div class=\"wp-block-column is-layout-flow wp-block-column-is-layout-flow\">\n<figure class=\"wp-block-image aligncenter size-full is-resized\"><a href=\"https:\/\/www.youtube.com\/c\/AaronAbke\" target=\"_blank\" rel=\"noopener\"><img loading=\"lazy\" decoding=\"async\" width=\"651\" height=\"653\" src=\"https:\/\/tinyspeckoflight.com\/wp-content\/uploads\/2022\/06\/aaron_abke-edited.webp\" alt=\"aaron_abke\" class=\"wp-image-1551\" style=\"width:183px;height:auto\" srcset=\"https:\/\/tinyspeckoflight.com\/wp-content\/uploads\/2022\/06\/aaron_abke-edited.webp 651w, https:\/\/tinyspeckoflight.com\/wp-content\/uploads\/2022\/06\/aaron_abke-edited-300x300.webp 300w, https:\/\/tinyspeckoflight.com\/wp-content\/uploads\/2022\/06\/aaron_abke-edited-150x150.webp 150w, https:\/\/tinyspeckoflight.com\/wp-content\/uploads\/2022\/06\/aaron_abke-edited-12x12.webp 12w\" sizes=\"auto, (max-width: 651px) 100vw, 651px\" \/><\/a><figcaption class=\"wp-element-caption\">Aaron Abke<\/figcaption><\/figure>\n<\/div>\n\n\n\n<div class=\"wp-block-column is-layout-flow wp-block-column-is-layout-flow\">\n<p><a href=\"\"><\/a><\/p>\n<\/div>\n\n\n\n<div class=\"wp-block-column is-layout-flow wp-block-column-is-layout-flow\">\n<figure class=\"extendedwopts-md-center wp-block-image aligncenter size-full is-resized\"><a href=\"https:\/\/www.youtube.com\/TheDiaryOfACEO\" target=\"_blank\" rel=\" noreferrer noopener\"><img loading=\"lazy\" decoding=\"async\" width=\"600\" height=\"600\" src=\"https:\/\/tinyspeckoflight.com\/wp-content\/uploads\/2024\/12\/Diary-of-a-CEO-1.webp\" alt=\"\" class=\"wp-image-1871\" style=\"object-fit:cover;width:180px;height:180px\" srcset=\"https:\/\/tinyspeckoflight.com\/wp-content\/uploads\/2024\/12\/Diary-of-a-CEO-1.webp 600w, https:\/\/tinyspeckoflight.com\/wp-content\/uploads\/2024\/12\/Diary-of-a-CEO-1-300x300.webp 300w, https:\/\/tinyspeckoflight.com\/wp-content\/uploads\/2024\/12\/Diary-of-a-CEO-1-150x150.webp 150w, https:\/\/tinyspeckoflight.com\/wp-content\/uploads\/2024\/12\/Diary-of-a-CEO-1-12x12.webp 12w\" sizes=\"auto, (max-width: 600px) 100vw, 600px\" \/><\/a><figcaption class=\"wp-element-caption\">Steven Bartlett<\/figcaption><\/figure>\n<\/div>\n<\/div>\n\n\n\n<h2 class=\"wp-block-heading\">Kohalolu ja manifesteerimine<\/h2>\n\n\n\n<div class=\"wp-block-columns is-layout-flex wp-container-core-columns-is-layout-28f84493 wp-block-columns-is-layout-flex\">\n<div class=\"wp-block-column is-layout-flow wp-block-column-is-layout-flow\">\n<figure class=\"wp-block-image aligncenter size-full is-resized\"><a href=\"https:\/\/www.youtube.com\/c\/AaronDoughty44\" target=\"_blank\" rel=\"noopener\"><img loading=\"lazy\" decoding=\"async\" width=\"176\" height=\"176\" src=\"https:\/\/tinyspeckoflight.com\/wp-content\/uploads\/2021\/07\/Aaron.jpg\" alt=\"\" class=\"wp-image-352\" srcset=\"https:\/\/tinyspeckoflight.com\/wp-content\/uploads\/2021\/07\/Aaron.jpg 176w, https:\/\/tinyspeckoflight.com\/wp-content\/uploads\/2021\/07\/Aaron-100x100.jpg 100w, https:\/\/tinyspeckoflight.com\/wp-content\/uploads\/2021\/07\/Aaron-150x150.jpg 150w\" sizes=\"auto, (max-width: 176px) 100vw, 176px\" \/><\/a><figcaption class=\"wp-element-caption\">Aaron Daughty<\/figcaption><\/figure>\n<\/div>\n\n\n\n<div class=\"wp-block-column is-layout-flow wp-block-column-is-layout-flow\">\n<figure class=\"wp-block-image aligncenter size-full\"><a href=\"https:\/\/www.youtube.com\/user\/AbrahamHicks\" target=\"_blank\" rel=\"noopener\"><img loading=\"lazy\" decoding=\"async\" width=\"176\" height=\"176\" src=\"https:\/\/tinyspeckoflight.com\/wp-content\/uploads\/2021\/07\/Abraham-Hicks.jpg\" alt=\"\" class=\"wp-image-361\" srcset=\"https:\/\/tinyspeckoflight.com\/wp-content\/uploads\/2021\/07\/Abraham-Hicks.jpg 176w, https:\/\/tinyspeckoflight.com\/wp-content\/uploads\/2021\/07\/Abraham-Hicks-100x100.jpg 100w, https:\/\/tinyspeckoflight.com\/wp-content\/uploads\/2021\/07\/Abraham-Hicks-150x150.jpg 150w\" sizes=\"auto, (max-width: 176px) 100vw, 176px\" \/><\/a><figcaption class=\"wp-element-caption\">Abraham Hicks<\/figcaption><\/figure>\n<\/div>\n\n\n\n<div class=\"wp-block-column is-layout-flow wp-block-column-is-layout-flow\">\n<figure class=\"wp-block-image aligncenter size-full\"><a href=\"https:\/\/www.youtube.com\/c\/EckhartTolle\" target=\"_blank\" rel=\"noopener\"><img loading=\"lazy\" decoding=\"async\" width=\"176\" height=\"176\" src=\"https:\/\/tinyspeckoflight.com\/wp-content\/uploads\/2021\/07\/Eckhart.jpg\" alt=\"\" class=\"wp-image-356\" srcset=\"https:\/\/tinyspeckoflight.com\/wp-content\/uploads\/2021\/07\/Eckhart.jpg 176w, https:\/\/tinyspeckoflight.com\/wp-content\/uploads\/2021\/07\/Eckhart-100x100.jpg 100w, https:\/\/tinyspeckoflight.com\/wp-content\/uploads\/2021\/07\/Eckhart-150x150.jpg 150w\" sizes=\"auto, (max-width: 176px) 100vw, 176px\" \/><\/a><figcaption class=\"wp-element-caption\">Eckhart Tolle<\/figcaption><\/figure>\n<\/div>\n<\/div>\n\n\n\n<div class=\"wp-block-columns is-layout-flex wp-container-core-columns-is-layout-28f84493 wp-block-columns-is-layout-flex\">\n<div class=\"wp-block-column is-layout-flow wp-block-column-is-layout-flow\">\n<figure class=\"wp-block-image aligncenter size-full\"><a href=\"https:\/\/www.youtube.com\/c\/SyncMind\" target=\"_blank\" rel=\"noopener\"><img loading=\"lazy\" decoding=\"async\" width=\"176\" height=\"176\" src=\"https:\/\/tinyspeckoflight.com\/wp-content\/uploads\/2022\/02\/syncmind.jpg\" alt=\"\" class=\"wp-image-808\" srcset=\"https:\/\/tinyspeckoflight.com\/wp-content\/uploads\/2022\/02\/syncmind.jpg 176w, https:\/\/tinyspeckoflight.com\/wp-content\/uploads\/2022\/02\/syncmind-100x100.jpg 100w, https:\/\/tinyspeckoflight.com\/wp-content\/uploads\/2022\/02\/syncmind-150x150.jpg 150w, https:\/\/tinyspeckoflight.com\/wp-content\/uploads\/2022\/02\/syncmind-12x12.jpg 12w\" sizes=\"auto, (max-width: 176px) 100vw, 176px\" \/><\/a><figcaption class=\"wp-element-caption\">Sync Mind<\/figcaption><\/figure>\n<\/div>\n\n\n\n<div class=\"wp-block-column is-layout-flow wp-block-column-is-layout-flow\">\n<figure class=\"wp-block-image aligncenter size-full\"><a href=\"https:\/\/www.youtube.com\/user\/sadhguru\" target=\"_blank\" rel=\"noopener\"><img loading=\"lazy\" decoding=\"async\" width=\"176\" height=\"176\" src=\"https:\/\/tinyspeckoflight.com\/wp-content\/uploads\/2021\/07\/Sadhguru.jpg\" alt=\"\" class=\"wp-image-364\" srcset=\"https:\/\/tinyspeckoflight.com\/wp-content\/uploads\/2021\/07\/Sadhguru.jpg 176w, https:\/\/tinyspeckoflight.com\/wp-content\/uploads\/2021\/07\/Sadhguru-100x100.jpg 100w, https:\/\/tinyspeckoflight.com\/wp-content\/uploads\/2021\/07\/Sadhguru-150x150.jpg 150w\" sizes=\"auto, (max-width: 176px) 100vw, 176px\" \/><\/a><figcaption class=\"wp-element-caption\">Sadhguru<\/figcaption><\/figure>\n<\/div>\n\n\n\n<div class=\"wp-block-column is-layout-flow wp-block-column-is-layout-flow\">\n<figure class=\"wp-block-image aligncenter size-full\"><a href=\"https:\/\/www.youtube.com\/user\/JordanPetersonVideos\" target=\"_blank\" rel=\"noopener\"><img loading=\"lazy\" decoding=\"async\" width=\"176\" height=\"176\" src=\"https:\/\/tinyspeckoflight.com\/wp-content\/uploads\/2021\/07\/Jordan-B.-Peterson.jpg\" alt=\"\" class=\"wp-image-393\" srcset=\"https:\/\/tinyspeckoflight.com\/wp-content\/uploads\/2021\/07\/Jordan-B.-Peterson.jpg 176w, https:\/\/tinyspeckoflight.com\/wp-content\/uploads\/2021\/07\/Jordan-B.-Peterson-100x100.jpg 100w, https:\/\/tinyspeckoflight.com\/wp-content\/uploads\/2021\/07\/Jordan-B.-Peterson-150x150.jpg 150w\" sizes=\"auto, (max-width: 176px) 100vw, 176px\" \/><\/a><figcaption class=\"wp-element-caption\">Jordan B. Peterson<\/figcaption><\/figure>\n\n\n\n<div class=\"wp-block-columns is-layout-flex wp-container-core-columns-is-layout-28f84493 wp-block-columns-is-layout-flex\">\n<div class=\"wp-block-column is-layout-flow wp-block-column-is-layout-flow\"><\/div>\n\n\n\n<div class=\"wp-block-column is-layout-flow wp-block-column-is-layout-flow\"><\/div>\n\n\n\n<div class=\"wp-block-column is-layout-flow wp-block-column-is-layout-flow\"><\/div>\n<\/div>\n<\/div>\n<\/div>\n\n\n\n<div class=\"wp-block-columns is-layout-flex wp-container-core-columns-is-layout-28f84493 wp-block-columns-is-layout-flex\">\n<div class=\"wp-block-column is-layout-flow wp-block-column-is-layout-flow\">\n<figure class=\"wp-block-image aligncenter size-large is-resized\"><a href=\"https:\/\/www.youtube.com\/@AlanWattsOrg\" target=\"_blank\" rel=\" noreferrer noopener\"><img loading=\"lazy\" decoding=\"async\" width=\"204\" height=\"176\" src=\"https:\/\/tinyspeckoflight.com\/wp-content\/uploads\/2025\/09\/Alan-Watts-e1758507753811.jpg\" alt=\"Alan_Watts\" class=\"wp-image-2032\" style=\"width:191px;height:auto\"\/><\/a><figcaption class=\"wp-element-caption\">Alan Watts<\/figcaption><\/figure>\n<\/div>\n\n\n\n<div class=\"wp-block-column is-layout-flow wp-block-column-is-layout-flow\"><\/div>\n\n\n\n<div class=\"wp-block-column is-layout-flow wp-block-column-is-layout-flow\"><\/div>\n<\/div>\n\n\n\n<h2 class=\"wp-block-heading\">Kvantf\u00fc\u00fcsika kanalid<\/h2>\n\n\n\n<div class=\"wp-block-columns is-layout-flex wp-container-core-columns-is-layout-28f84493 wp-block-columns-is-layout-flex\">\n<div class=\"wp-block-column is-layout-flow wp-block-column-is-layout-flow\">\n<figure class=\"wp-block-image aligncenter size-full\"><a href=\"https:\/\/www.youtube.com\/c\/ArvinAsh\" target=\"_blank\" rel=\"noopener\"><img loading=\"lazy\" decoding=\"async\" width=\"176\" height=\"176\" src=\"https:\/\/tinyspeckoflight.com\/wp-content\/uploads\/2021\/07\/Arvin.jpg\" alt=\"arvin-ash\" class=\"wp-image-358\" srcset=\"https:\/\/tinyspeckoflight.com\/wp-content\/uploads\/2021\/07\/Arvin.jpg 176w, https:\/\/tinyspeckoflight.com\/wp-content\/uploads\/2021\/07\/Arvin-100x100.jpg 100w, https:\/\/tinyspeckoflight.com\/wp-content\/uploads\/2021\/07\/Arvin-150x150.jpg 150w\" sizes=\"auto, (max-width: 176px) 100vw, 176px\" \/><\/a><figcaption class=\"wp-element-caption\">Arvin Ash<\/figcaption><\/figure>\n<\/div>\n\n\n\n<div class=\"wp-block-column is-layout-flow wp-block-column-is-layout-flow\">\n<figure class=\"extendedwopts-md-center wp-block-image aligncenter size-full is-resized\"><a href=\"https:\/\/www.youtube.com\/@profbriancox4431\" target=\"_blank\" rel=\"noopener\"><img loading=\"lazy\" decoding=\"async\" width=\"329\" height=\"329\" src=\"https:\/\/tinyspeckoflight.com\/wp-content\/uploads\/2025\/09\/brian_cox-e1757832596170.webp\" alt=\"Brian_Cox_channel\" class=\"wp-image-1963\" style=\"width:178px;height:auto\" srcset=\"https:\/\/tinyspeckoflight.com\/wp-content\/uploads\/2025\/09\/brian_cox-e1757832596170.webp 329w, https:\/\/tinyspeckoflight.com\/wp-content\/uploads\/2025\/09\/brian_cox-e1757832596170-300x300.webp 300w, https:\/\/tinyspeckoflight.com\/wp-content\/uploads\/2025\/09\/brian_cox-e1757832596170-150x150.webp 150w, https:\/\/tinyspeckoflight.com\/wp-content\/uploads\/2025\/09\/brian_cox-e1757832596170-12x12.webp 12w\" sizes=\"auto, (max-width: 329px) 100vw, 329px\" \/><\/a><figcaption class=\"wp-element-caption\">Brian Cox<\/figcaption><\/figure>\n<\/div>\n\n\n\n<div class=\"wp-block-column is-layout-flow wp-block-column-is-layout-flow\">\n<figure class=\"wp-block-image aligncenter size-full is-resized\"><a href=\"https:\/\/www.youtube.com\/@StarTalk\" target=\"_blank\" rel=\"noopener\"><img loading=\"lazy\" decoding=\"async\" width=\"201\" height=\"201\" src=\"https:\/\/tinyspeckoflight.com\/wp-content\/uploads\/2025\/09\/Neil_deGrasse_StarTalk-edited.jpeg\" alt=\"Neil_degrasse_startalk\" class=\"wp-image-1967\" style=\"width:177px;height:auto\" srcset=\"https:\/\/tinyspeckoflight.com\/wp-content\/uploads\/2025\/09\/Neil_deGrasse_StarTalk-edited.jpeg 201w, https:\/\/tinyspeckoflight.com\/wp-content\/uploads\/2025\/09\/Neil_deGrasse_StarTalk-edited-150x150.jpeg 150w, https:\/\/tinyspeckoflight.com\/wp-content\/uploads\/2025\/09\/Neil_deGrasse_StarTalk-edited-12x12.jpeg 12w\" sizes=\"auto, (max-width: 201px) 100vw, 201px\" \/><\/a><figcaption class=\"wp-element-caption\">Neil deGrasse<\/figcaption><\/figure>\n<\/div>\n<\/div>\n\n\n\n<h2 class=\"wp-block-heading\">Boonus - Kursused ja meditatsioonid<\/h2>\n\n\n\n<h3 class=\"wp-block-heading\">Kursused<\/h3>\n\n\n\n<p>Olen l\u00e4binud <a href=\"https:\/\/isha.sadhguru.org\/in\/en\/yoga-meditation\/yoga-program-for-beginners\/inner-engineering\" target=\"_blank\" rel=\"noreferrer noopener\">Isha Insitute&#8217;s Inner Engineering<\/a> kursuse ja Sadhguru poolt initsieeritud <a href=\"https:\/\/sadhguru-encyclopedia.org\/shambhavi-mahamudra\/\" target=\"_blank\" rel=\"noreferrer noopener\">Shambhavi Mahamudra Kriya<\/a>sse. Kuigi Sadhgurut on nimetatud ka m\u00fcstikuks, \u00f5petab ta tegelikult iidset tehnikat, mida ta nimetab tehnoloogiaks. Isegi inimesed, kes pole kunagi joogat teinud ega mediteerinud, saavad sellega hakkama. Maailmas valitseva olukorra t\u00f5ttu pakutakse seda n\u00fc\u00fcd ka veebi kaudu.<\/p>\n\n\n\n<h3 class=\"wp-block-heading\">Meditatsioonid<\/h3>\n\n\n\n<p>Nagu k\u00f5iki meditatsioone, on seda hea teha t\u00fchja k\u00f5huga ja v\u00e4ga kasulik on enne mediteerimist k\u00fclma du\u0161i all k\u00e4ia, et energiav\u00e4lja puhastada. Parim aeg mediteerimiseks on kas vahetult p\u00e4rast \u00e4rkamist v\u00f5i vahetult enne magamaminekut. Samuti \u2013 pidage meeles, et mediteerimine ei ole tegelikult mitte tegemine, vaid pigem lihtsalt meditatiivses olekus olemine. <\/p>\n\n\n\n<p>Parim koht alustamiseks on distantsi loomine enda  ja oma keha ning m\u00f5istuse vahele. <strong>Isha Kryia<\/strong> on hea juhendatud meditatsioon, mis aitab sellele kaasa. <\/p>\n\n\n\n<figure class=\"wp-block-video\"><video height=\"1080\" style=\"aspect-ratio: 1920 \/ 1080;\" width=\"1920\" controls src=\"https:\/\/tinyspeckoflight.com\/wp-content\/uploads\/2022\/06\/Isha-Kriya.mp4\"><\/video><\/figure>\n\n\n\n<p><\/p>","protected":false},"excerpt":{"rendered":"<p>Here are some YouTube channels that I have found useful at times. It is interesting how certain subjects have happened to grab my attention and each of these have broaden the way I see the world. Just as with books, it is good to always keep an open mind and based on the information consumed, [&hellip;]<\/p>\n","protected":false},"author":1,"featured_media":0,"parent":0,"menu_order":0,"comment_status":"closed","ping_status":"closed","template":"","meta":{"site-sidebar-layout":"default","site-content-layout":"","ast-site-content-layout":"default","site-content-style":"default","site-sidebar-style":"default","ast-global-header-display":"","ast-banner-title-visibility":"","ast-main-header-display":"","ast-hfb-above-header-display":"","ast-hfb-below-header-display":"","ast-hfb-mobile-header-display":"","site-post-title":"","ast-breadcrumbs-content":"","ast-featured-img":"","footer-sml-layout":"","ast-disable-related-posts":"","theme-transparent-header-meta":"","adv-header-id-meta":"","stick-header-meta":"","header-above-stick-meta":"","header-main-stick-meta":"","header-below-stick-meta":"","astra-migrate-meta-layouts":"set","ast-page-background-enabled":"default","ast-page-background-meta":{"desktop":{"background-color":"var(--ast-global-color-4)","background-image":"","background-repeat":"repeat","background-position":"center center","background-size":"auto","background-attachment":"scroll","background-type":"","background-media":"","overlay-type":"","overlay-color":"","overlay-opacity":"","overlay-gradient":""},"tablet":{"background-color":"","background-image":"","background-repeat":"repeat","background-position":"center center","background-size":"auto","background-attachment":"scroll","background-type":"","background-media":"","overlay-type":"","overlay-color":"","overlay-opacity":"","overlay-gradient":""},"mobile":{"background-color":"","background-image":"","background-repeat":"repeat","background-position":"center center","background-size":"auto","background-attachment":"scroll","background-type":"","background-media":"","overlay-type":"","overlay-color":"","overlay-opacity":"","overlay-gradient":""}},"ast-content-background-meta":{"desktop":{"background-color":"var(--ast-global-color-5)","background-image":"","background-repeat":"repeat","background-position":"center center","background-size":"auto","background-attachment":"scroll","background-type":"","background-media":"","overlay-type":"","overlay-color":"","overlay-opacity":"","overlay-gradient":""},"tablet":{"background-color":"var(--ast-global-color-5)","background-image":"","background-repeat":"repeat","background-position":"center center","background-size":"auto","background-attachment":"scroll","background-type":"","background-media":"","overlay-type":"","overlay-color":"","overlay-opacity":"","overlay-gradient":""},"mobile":{"background-color":"var(--ast-global-color-5)","background-image":"","background-repeat":"repeat","background-position":"center center","background-size":"auto","background-attachment":"scroll","background-type":"","background-media":"","overlay-type":"","overlay-color":"","overlay-opacity":"","overlay-gradient":""}},"footnotes":""},"class_list":["post-343","page","type-page","status-publish","hentry"],"jetpack_sharing_enabled":true,"_links":{"self":[{"href":"https:\/\/tinyspeckoflight.com\/et\/wp-json\/wp\/v2\/pages\/343","targetHints":{"allow":["GET"]}}],"collection":[{"href":"https:\/\/tinyspeckoflight.com\/et\/wp-json\/wp\/v2\/pages"}],"about":[{"href":"https:\/\/tinyspeckoflight.com\/et\/wp-json\/wp\/v2\/types\/page"}],"author":[{"embeddable":true,"href":"https:\/\/tinyspeckoflight.com\/et\/wp-json\/wp\/v2\/users\/1"}],"replies":[{"embeddable":true,"href":"https:\/\/tinyspeckoflight.com\/et\/wp-json\/wp\/v2\/comments?post=343"}],"version-history":[{"count":43,"href":"https:\/\/tinyspeckoflight.com\/et\/wp-json\/wp\/v2\/pages\/343\/revisions"}],"predecessor-version":[{"id":2033,"href":"https:\/\/tinyspeckoflight.com\/et\/wp-json\/wp\/v2\/pages\/343\/revisions\/2033"}],"wp:attachment":[{"href":"https:\/\/tinyspeckoflight.com\/et\/wp-json\/wp\/v2\/media?parent=343"}],"curies":[{"name":"wp","href":"https:\/\/api.w.org\/{rel}","templated":true}]}}